{"id":382,"date":"2026-02-25T18:14:10","date_gmt":"2026-02-25T17:14:10","guid":{"rendered":"https:\/\/dubrovnikopen.com\/postanite-sponzor\/"},"modified":"2026-03-17T15:46:23","modified_gmt":"2026-03-17T14:46:23","slug":"postanite-sponzor","status":"publish","type":"page","link":"https:\/\/dubrovnikopen.com\/hr\/postanite-sponzor\/","title":{"rendered":"Postanite sponzor"},"content":{"rendered":"\t\t<div data-elementor-type=\"wp-page\" data-elementor-id=\"382\" class=\"elementor elementor-382 elementor-214\" data-elementor-post-type=\"page\">\n\t\t\t\t<div class=\"elementor-element elementor-element-8d8cc77 e-flex e-con-boxed e-con e-parent\" data-id=\"8d8cc77\" data-element_type=\"container\" data-e-type=\"container\" data-settings=\"{&quot;background_background&quot;:&quot;classic&quot;}\">\n\t\t\t\t\t<div class=\"e-con-inner\">\n\t\t<div class=\"elementor-element elementor-element-f1dfbed e-con-full e-flex e-con e-child\" data-id=\"f1dfbed\" data-element_type=\"container\" data-e-type=\"container\">\n\t\t\t\t<div class=\"elementor-element elementor-element-63a75a0 elementor-widget elementor-widget-heading\" data-id=\"63a75a0\" data-element_type=\"widget\" data-e-type=\"widget\" data-widget_type=\"heading.default\">\n\t\t\t\t\t<h3 class=\"elementor-heading-title elementor-size-default\">POSTANITE SPONZOR<\/h3>\t\t\t\t<\/div>\n\t\t\t\t<\/div>\n\t\t<div class=\"elementor-element elementor-element-b65eaf8 e-con-full e-flex e-con e-child\" data-id=\"b65eaf8\" data-element_type=\"container\" data-e-type=\"container\">\n\t\t\t\t<\/div>\n\t\t\t\t\t<\/div>\n\t\t\t\t<\/div>\n\t\t<div class=\"elementor-element elementor-element-f1447b3 e-flex e-con-boxed e-con e-parent\" data-id=\"f1447b3\" data-element_type=\"container\" data-e-type=\"container\" data-settings=\"{&quot;background_background&quot;:&quot;classic&quot;}\">\n\t\t\t\t\t<div class=\"e-con-inner\">\n\t\t\t\t\t<\/div>\n\t\t\t\t<\/div>\n\t\t\t\t<\/div>\n\t\t","protected":false},"excerpt":{"rendered":"<p>POSTANITE SPONZOR<\/p>\n","protected":false},"author":1,"featured_media":0,"parent":0,"menu_order":0,"comment_status":"closed","ping_status":"closed","template":"","meta":{"footnotes":""},"class_list":["post-382","page","type-page","status-publish","hentry"],"yoast_head":"<!-- This site is optimized with the Yoast SEO plugin v27.1.1 - https:\/\/yoast.com\/product\/yoast-seo-wordpress\/ -->\n<title>Postanite sponzor - WTA Dubrovnik Open<\/title>\n<meta name=\"description\" content=\"Saznajte vi\u0161e o na\u0161oj sponzorskoj strukturi i kako i sami mo\u017eete postati vrijedni sponzor WTA Dubrovnik Opena.\" \/>\n<meta name=\"robots\" content=\"index, follow, max-snippet:-1, max-image-preview:large, max-video-preview:-1\" \/>\n<link rel=\"canonical\" href=\"https:\/\/dubrovnikopen.com\/hr\/postanite-sponzor\/\" \/>\n<meta property=\"og:locale\" content=\"hr_HR\" \/>\n<meta property=\"og:type\" content=\"article\" \/>\n<meta property=\"og:title\" content=\"Postanite sponzor\" \/>\n<meta property=\"og:description\" content=\"Saznajte vi\u0161e o na\u0161oj sponzorskoj strukturi i kako mo\u017eete postati vrijedni sponzor WTA Dubrovnik Opena.\" \/>\n<meta property=\"og:url\" content=\"https:\/\/dubrovnikopen.com\/hr\/postanite-sponzor\/\" \/>\n<meta property=\"og:site_name\" content=\"WTA Dubrovnik Open\" \/>\n<meta property=\"article:modified_time\" content=\"2026-03-17T14:46:23+00:00\" \/>\n<meta property=\"og:image\" content=\"https:\/\/dubrovnikopen.com\/wp-content\/uploads\/2026\/02\/cropped-Dubrovnik-Open-Logo-Color-footer-300x300.png\" \/>\n<meta name=\"twitter:card\" content=\"summary_large_image\" \/>\n<meta name=\"twitter:title\" content=\"Postanite sponzor\" \/>\n<meta name=\"twitter:description\" content=\"Saznajte vi\u0161e o na\u0161oj sponzorskoj strukturi i kako mo\u017eete postati vrijedni sponzor WTA Dubrovnik Opena.\" \/>\n<meta name=\"twitter:image\" content=\"https:\/\/dubrovnikopen.com\/wp-content\/uploads\/2026\/02\/cropped-Dubrovnik-Open-Logo-Color-footer.png\" \/>\n<script type=\"application\/ld+json\" class=\"yoast-schema-graph\">{\"@context\":\"https:\/\/schema.org\",\"@graph\":[{\"@type\":\"WebPage\",\"@id\":\"https:\/\/dubrovnikopen.com\/hr\/postanite-sponzor\/\",\"url\":\"https:\/\/dubrovnikopen.com\/hr\/postanite-sponzor\/\",\"name\":\"Postanite sponzor - WTA Dubrovnik Open\",\"isPartOf\":{\"@id\":\"https:\/\/dubrovnikopen.com\/#website\"},\"datePublished\":\"2026-02-25T17:14:10+00:00\",\"dateModified\":\"2026-03-17T14:46:23+00:00\",\"description\":\"Saznajte vi\u0161e o na\u0161oj sponzorskoj strukturi i kako i sami mo\u017eete postati vrijedni sponzor WTA Dubrovnik Opena.\",\"breadcrumb\":{\"@id\":\"https:\/\/dubrovnikopen.com\/hr\/postanite-sponzor\/#breadcrumb\"},\"inLanguage\":\"hr\",\"potentialAction\":[{\"@type\":\"ReadAction\",\"target\":[\"https:\/\/dubrovnikopen.com\/hr\/postanite-sponzor\/\"]}]},{\"@type\":\"BreadcrumbList\",\"@id\":\"https:\/\/dubrovnikopen.com\/hr\/postanite-sponzor\/#breadcrumb\",\"itemListElement\":[{\"@type\":\"ListItem\",\"position\":1,\"name\":\"Home\",\"item\":\"https:\/\/dubrovnikopen.com\/hr\/naslovnica\/\"},{\"@type\":\"ListItem\",\"position\":2,\"name\":\"Postanite sponzor\"}]},{\"@type\":\"WebSite\",\"@id\":\"https:\/\/dubrovnikopen.com\/#website\",\"url\":\"https:\/\/dubrovnikopen.com\/\",\"name\":\"WTA Dubrovnik Open\",\"description\":\"\",\"publisher\":{\"@id\":\"https:\/\/dubrovnikopen.com\/#organization\"},\"potentialAction\":[{\"@type\":\"SearchAction\",\"target\":{\"@type\":\"EntryPoint\",\"urlTemplate\":\"https:\/\/dubrovnikopen.com\/?s={search_term_string}\"},\"query-input\":{\"@type\":\"PropertyValueSpecification\",\"valueRequired\":true,\"valueName\":\"search_term_string\"}}],\"inLanguage\":\"hr\"},{\"@type\":\"Organization\",\"@id\":\"https:\/\/dubrovnikopen.com\/#organization\",\"name\":\"WTA Dubrovnik Open\",\"url\":\"https:\/\/dubrovnikopen.com\/\",\"logo\":{\"@type\":\"ImageObject\",\"inLanguage\":\"hr\",\"@id\":\"https:\/\/dubrovnikopen.com\/#\/schema\/logo\/image\/\",\"url\":\"https:\/\/dubrovnikopen.com\/wp-content\/uploads\/2026\/02\/logo.png\",\"contentUrl\":\"https:\/\/dubrovnikopen.com\/wp-content\/uploads\/2026\/02\/logo.png\",\"width\":2000,\"height\":250,\"caption\":\"WTA Dubrovnik Open\"},\"image\":{\"@id\":\"https:\/\/dubrovnikopen.com\/#\/schema\/logo\/image\/\"}}]}<\/script>\n<!-- \/ Yoast SEO plugin. -->","yoast_head_json":{"title":"Postanite sponzor - WTA Dubrovnik Open","description":"Saznajte vi\u0161e o na\u0161oj sponzorskoj strukturi i kako i sami mo\u017eete postati vrijedni sponzor WTA Dubrovnik Opena.","robots":{"index":"index","follow":"follow","max-snippet":"max-snippet:-1","max-image-preview":"max-image-preview:large","max-video-preview":"max-video-preview:-1"},"canonical":"https:\/\/dubrovnikopen.com\/hr\/postanite-sponzor\/","og_locale":"hr_HR","og_type":"article","og_title":"Postanite sponzor","og_description":"Saznajte vi\u0161e o na\u0161oj sponzorskoj strukturi i kako mo\u017eete postati vrijedni sponzor WTA Dubrovnik Opena.","og_url":"https:\/\/dubrovnikopen.com\/hr\/postanite-sponzor\/","og_site_name":"WTA Dubrovnik Open","article_modified_time":"2026-03-17T14:46:23+00:00","og_image":[{"url":"https:\/\/dubrovnikopen.com\/wp-content\/uploads\/2026\/02\/cropped-Dubrovnik-Open-Logo-Color-footer-300x300.png","type":"","width":"","height":""}],"twitter_card":"summary_large_image","twitter_title":"Postanite sponzor","twitter_description":"Saznajte vi\u0161e o na\u0161oj sponzorskoj strukturi i kako mo\u017eete postati vrijedni sponzor WTA Dubrovnik Opena.","twitter_image":"https:\/\/dubrovnikopen.com\/wp-content\/uploads\/2026\/02\/cropped-Dubrovnik-Open-Logo-Color-footer.png","schema":{"@context":"https:\/\/schema.org","@graph":[{"@type":"WebPage","@id":"https:\/\/dubrovnikopen.com\/hr\/postanite-sponzor\/","url":"https:\/\/dubrovnikopen.com\/hr\/postanite-sponzor\/","name":"Postanite sponzor - WTA Dubrovnik Open","isPartOf":{"@id":"https:\/\/dubrovnikopen.com\/#website"},"datePublished":"2026-02-25T17:14:10+00:00","dateModified":"2026-03-17T14:46:23+00:00","description":"Saznajte vi\u0161e o na\u0161oj sponzorskoj strukturi i kako i sami mo\u017eete postati vrijedni sponzor WTA Dubrovnik Opena.","breadcrumb":{"@id":"https:\/\/dubrovnikopen.com\/hr\/postanite-sponzor\/#breadcrumb"},"inLanguage":"hr","potentialAction":[{"@type":"ReadAction","target":["https:\/\/dubrovnikopen.com\/hr\/postanite-sponzor\/"]}]},{"@type":"BreadcrumbList","@id":"https:\/\/dubrovnikopen.com\/hr\/postanite-sponzor\/#breadcrumb","itemListElement":[{"@type":"ListItem","position":1,"name":"Home","item":"https:\/\/dubrovnikopen.com\/hr\/naslovnica\/"},{"@type":"ListItem","position":2,"name":"Postanite sponzor"}]},{"@type":"WebSite","@id":"https:\/\/dubrovnikopen.com\/#website","url":"https:\/\/dubrovnikopen.com\/","name":"WTA Dubrovnik Open","description":"","publisher":{"@id":"https:\/\/dubrovnikopen.com\/#organization"},"potentialAction":[{"@type":"SearchAction","target":{"@type":"EntryPoint","urlTemplate":"https:\/\/dubrovnikopen.com\/?s={search_term_string}"},"query-input":{"@type":"PropertyValueSpecification","valueRequired":true,"valueName":"search_term_string"}}],"inLanguage":"hr"},{"@type":"Organization","@id":"https:\/\/dubrovnikopen.com\/#organization","name":"WTA Dubrovnik Open","url":"https:\/\/dubrovnikopen.com\/","logo":{"@type":"ImageObject","inLanguage":"hr","@id":"https:\/\/dubrovnikopen.com\/#\/schema\/logo\/image\/","url":"https:\/\/dubrovnikopen.com\/wp-content\/uploads\/2026\/02\/logo.png","contentUrl":"https:\/\/dubrovnikopen.com\/wp-content\/uploads\/2026\/02\/logo.png","width":2000,"height":250,"caption":"WTA Dubrovnik Open"},"image":{"@id":"https:\/\/dubrovnikopen.com\/#\/schema\/logo\/image\/"}}]}},"_links":{"self":[{"href":"https:\/\/dubrovnikopen.com\/hr\/wp-json\/wp\/v2\/pages\/382","targetHints":{"allow":["GET"]}}],"collection":[{"href":"https:\/\/dubrovnikopen.com\/hr\/wp-json\/wp\/v2\/pages"}],"about":[{"href":"https:\/\/dubrovnikopen.com\/hr\/wp-json\/wp\/v2\/types\/page"}],"author":[{"embeddable":true,"href":"https:\/\/dubrovnikopen.com\/hr\/wp-json\/wp\/v2\/users\/1"}],"replies":[{"embeddable":true,"href":"https:\/\/dubrovnikopen.com\/hr\/wp-json\/wp\/v2\/comments?post=382"}],"version-history":[{"count":3,"href":"https:\/\/dubrovnikopen.com\/hr\/wp-json\/wp\/v2\/pages\/382\/revisions"}],"predecessor-version":[{"id":385,"href":"https:\/\/dubrovnikopen.com\/hr\/wp-json\/wp\/v2\/pages\/382\/revisions\/385"}],"wp:attachment":[{"href":"https:\/\/dubrovnikopen.com\/hr\/wp-json\/wp\/v2\/media?parent=382"}],"curies":[{"name":"wp","href":"https:\/\/api.w.org\/{rel}","templated":true}]}}