{"id":387,"date":"2026-02-25T17:22:24","date_gmt":"2026-02-25T16:22:24","guid":{"rendered":"https:\/\/dubrovnikopen.com\/o-nama\/"},"modified":"2026-03-20T12:26:20","modified_gmt":"2026-03-20T11:26:20","slug":"o-nama","status":"publish","type":"page","link":"https:\/\/dubrovnikopen.com\/hr\/o-nama\/","title":{"rendered":"O nama"},"content":{"rendered":"\t\t<div data-elementor-type=\"wp-page\" data-elementor-id=\"387\" class=\"elementor elementor-387 elementor-191\" data-elementor-post-type=\"page\">\n\t\t\t\t<div class=\"elementor-element elementor-element-ed7a301 e-flex e-con-boxed e-con e-parent\" data-id=\"ed7a301\" data-element_type=\"container\" data-e-type=\"container\" data-settings=\"{&quot;background_background&quot;:&quot;classic&quot;}\">\n\t\t\t\t\t<div class=\"e-con-inner\">\n\t\t<div class=\"elementor-element elementor-element-b8c1a36 e-con-full e-flex e-con e-child\" data-id=\"b8c1a36\" data-element_type=\"container\" data-e-type=\"container\">\n\t\t\t\t<div class=\"elementor-element elementor-element-d3106c1 elementor-widget elementor-widget-heading\" data-id=\"d3106c1\" data-element_type=\"widget\" data-e-type=\"widget\" data-widget_type=\"heading.default\">\n\t\t\t\t\t<h3 class=\"elementor-heading-title elementor-size-default\">O NAMA<\/h3>\t\t\t\t<\/div>\n\t\t\t\t<\/div>\n\t\t<div class=\"elementor-element elementor-element-f1bdb6c e-con-full e-flex e-con e-child\" data-id=\"f1bdb6c\" data-element_type=\"container\" data-e-type=\"container\">\n\t\t\t\t<\/div>\n\t\t\t\t\t<\/div>\n\t\t\t\t<\/div>\n\t\t<div class=\"elementor-element elementor-element-ff04399 e-flex e-con-boxed e-con e-parent\" data-id=\"ff04399\" data-element_type=\"container\" data-e-type=\"container\" data-settings=\"{&quot;background_background&quot;:&quot;classic&quot;}\">\n\t\t\t\t\t<div class=\"e-con-inner\">\n\t\t<div class=\"elementor-element elementor-element-a06c899 e-con-full e-flex e-con e-child\" data-id=\"a06c899\" data-element_type=\"container\" data-e-type=\"container\">\n\t\t\t\t<div class=\"elementor-element elementor-element-2422b55 elementor-widget elementor-widget-heading\" data-id=\"2422b55\" data-element_type=\"widget\" data-e-type=\"widget\" data-widget_type=\"heading.default\">\n\t\t\t\t\t<h2 class=\"elementor-heading-title elementor-size-default\">WTA DUBROVNIK OPEN: SINERGIJA STRATE\u0160KE VIZIJE I INSTITUCIONALNE TRADICIJE<\/h2>\t\t\t\t<\/div>\n\t\t\t\t<div class=\"elementor-element elementor-element-63ec15c elementor-widget elementor-widget-text-editor\" data-id=\"63ec15c\" data-element_type=\"widget\" data-e-type=\"widget\" data-widget_type=\"text-editor.default\">\n\t\t\t\t\t\t\t\t\t<p>Projekt <strong>WTA Dubrovnik Open<\/strong> po\u010diva na jedinstvenom partnerstvu tvrtke Lukas \u0160port d.o.o. i Tenis kluba Ka\u0161tela, \u010dime se spaja tr\u017ei\u0161na inovacija s dugogodi\u0161njim sportskim legitimitetom.<br><strong>Tenis klub Ka\u0161tela (osn. 1998.)<\/strong> nastupa kao slu\u017ebeni organizator natjecanja u Republici Hrvatskoj. Rije\u010d je o jednoj od rijetkih sportskih udruga u Dalmaciji s neprekidnim kontinuitetom rada od gotovo tri desetlje\u0107a, \u0161to javnim partnerima jam\u010di maksimalnu institucionalnu stabilnost i stru\u010dnu provedbu prema najvi\u0161im standardima. <\/p><p><strong>Lukas \u0160port d.o.o. <\/strong><strong>(osn. 1997.) <\/strong>je strate\u0161ki nositelj projekta i vlasnik vizije. Lukas \u0160port je najdugovje\u010dnije trgova\u010dko dru\u0161tvo u Hrvatskoj specijalizirano za sportsku djelatnost. Kao pionir sportskog poduzetni\u0161tva, tvrtka je trasirala put modernom teniskom menad\u017ementu u regiji.  <\/p><p><strong>LIDERI I VIZIONARI: OD STRU\u010cNIH TEMELJA DO GLOBALNE SCENE<\/strong><\/p><p>Projekt po\u010diva na \u010dvrstim stru\u010dnim temeljima koje je postavio osniva\u010d Ivica Lukas, prof. TZK, doajen teniske struke. Na tim temeljima, dana\u0161nje vodstvo projekt transformira u svjetski prepoznatljiv brend: <\/p><p><strong>FELIKS LUKAS,<\/strong> mag. oec. \u2013 Strate\u0161ki pokreta\u010d projekta, vlasnik licenci i CEO. Kao vizionarni sportski poduzetnik i inovator, Feliks je postavio standarde modernih WTA turnira u Hrvatskoj. Njegov me\u0111unarodni ugled potvr\u0111en je imenovanjem u WTA 125 Standards Committee, gdje kao predstavnik zastupa sve turnire iz EMEA regije (Europa, Bliski istok i Afrika). Uz to, Feliks je osniva\u010d i inovator Time Tennisa, revolucionarnog sportskog formata koji redefinira modernu tenisku igru.     <\/p><p><strong>TAJNA LUKAS RE\u010cI\u0106<\/strong>, mag. cin. \u2013 \u0160efica organizacije i operativni stup projekta. Nekada\u0161nja dr\u017eavna prvakinja Hrvatske, Tajna upravlja cjelokupnom izvedbom turnira. Njezina kineziolo\u0161ka ekspertiza, potvr\u0111ena znanstvenim radovima u me\u0111unarodnim stru\u010dnim magazinima, jam\u010di besprijekornu profesionalnu razinu organizacije.    <\/p><p><strong>DOKAZANA IZVRSNOST I GLOBALNI DOSEG<\/strong><\/p><p>Na\u0161 portfelj postao je nezaobilazna postaja svjetske elite. Kroz na\u0161e turnire pro\u0161lo je preko 4.500 profesionalaca, uklju\u010duju\u0107i i dana\u0161nje predvodnike svjetskog tenisa. Ponosni smo \u0161to su svoje prve velike profesionalne korake na na\u0161im terenima radili pobjednici Grand Slamova i Top 10 zvijezde poput Jannika Sinnera, Jasmine Paolini, Paule Badose i Caspera Ruuda. Iskustvo tima potvr\u0111eno je i kroz organizaciju finala <strong>Davis Cupa u Areni Zagreb 2016. godine<\/strong>.   <\/p><p><strong>PROJEKT U BROJKAMA (COOL FACTS):<\/strong><\/p><p><em>29 GODINA KONTINUITETA<\/em> \u2013 Lukas \u0160port (1997.) i TK Ka\u0161tela (1998.) \u010dine najstabilniji sportski sustav u regiji.<br><em>75+ TURNIRA<\/em> \u2013 Bogato iskustvo u organizaciji presti\u017enih WTA i ITF Pro Circuit doga\u0111aja.<br><em>4.500 IGRA\u010cA<\/em> \u2013 Impresivan broj vrhunskih profesionalaca koji su se natjecali pod na\u0161im vodstvom.<br><em>80+ ZEMALJA<\/em> \u2013 Globalni doseg i me\u0111unarodna prepoznatljivost na\u0161ih sportskih projekata.<br><strong><em>TOP 2 NA SVIJETU<\/em><\/strong> \u2013 Na\u0161 WTA Makarska Open progla\u0161en je 2. najbolje organiziranim turnirom na svijetu (kat. WTA 125) prema izboru samih igra\u010dica.<\/p>\t\t\t\t\t\t\t\t<\/div>\n\t\t<div class=\"elementor-element elementor-element-61845ca e-con-full e-flex e-con e-child\" data-id=\"61845ca\" data-element_type=\"container\" data-e-type=\"container\">\n\t\t\t\t<div class=\"elementor-element elementor-element-af6c6e0 elementor-widget elementor-widget-image\" data-id=\"af6c6e0\" data-element_type=\"widget\" data-e-type=\"widget\" data-widget_type=\"image.default\">\n\t\t\t\t\t\t\t\t\t\t\t\t\t\t\t<img fetchpriority=\"high\" decoding=\"async\" width=\"800\" height=\"534\" src=\"https:\/\/dubrovnikopen.com\/wp-content\/uploads\/2026\/03\/ZWIR0202-1024x683.jpg\" class=\"attachment-large size-large wp-image-997\" alt=\"WTA Dubrovnik - WTA Makarska\" srcset=\"https:\/\/dubrovnikopen.com\/wp-content\/uploads\/2026\/03\/ZWIR0202-1024x683.jpg 1024w, https:\/\/dubrovnikopen.com\/wp-content\/uploads\/2026\/03\/ZWIR0202-300x200.jpg 300w, https:\/\/dubrovnikopen.com\/wp-content\/uploads\/2026\/03\/ZWIR0202-768x512.jpg 768w, https:\/\/dubrovnikopen.com\/wp-content\/uploads\/2026\/03\/ZWIR0202-1536x1024.jpg 1536w, https:\/\/dubrovnikopen.com\/wp-content\/uploads\/2026\/03\/ZWIR0202-2048x1365.jpg 2048w\" sizes=\"(max-width: 800px) 100vw, 800px\" \/>\t\t\t\t\t\t\t\t\t\t\t\t\t\t\t<\/div>\n\t\t\t\t<\/div>\n\t\t\t\t<\/div>\n\t\t\t\t\t<\/div>\n\t\t\t\t<\/div>\n\t\t\t\t<\/div>\n\t\t","protected":false},"excerpt":{"rendered":"<p>O NAMA WTA DUBROVNIK OPEN: SINERGIJA STRATE\u0160KE VIZIJE I INSTITUCIONALNE TRADICIJE Projekt WTA Dubrovnik Open po\u010diva na jedinstvenom partnerstvu tvrtke Lukas \u0160port d.o.o. i Tenis kluba Ka\u0161tela, \u010dime se spaja tr\u017ei\u0161na inovacija s dugogodi\u0161njim sportskim legitimitetom.Tenis klub Ka\u0161tela (osn. 1998.) nastupa kao slu\u017ebeni organizator natjecanja u Republici Hrvatskoj. Rije\u010d je o jednoj od rijetkih sportskih [&hellip;]<\/p>\n","protected":false},"author":1,"featured_media":0,"parent":0,"menu_order":0,"comment_status":"closed","ping_status":"closed","template":"","meta":{"footnotes":""},"class_list":["post-387","page","type-page","status-publish","hentry"],"yoast_head":"<!-- This site is optimized with the Yoast SEO plugin v27.1.1 - https:\/\/yoast.com\/product\/yoast-seo-wordpress\/ -->\n<title>O nama - WTA Dubrovnik Open<\/title>\n<meta name=\"description\" content=\"Saznajte vi\u0161e o me\u0111unarodnom teniskom turniru WTA Dubrovnik Open i na\u0161em timu profesionalaca u Lucas Sportu.\" \/>\n<meta name=\"robots\" content=\"index, follow, max-snippet:-1, max-image-preview:large, max-video-preview:-1\" \/>\n<link rel=\"canonical\" href=\"https:\/\/dubrovnikopen.com\/hr\/o-nama\/\" \/>\n<meta property=\"og:locale\" content=\"hr_HR\" \/>\n<meta property=\"og:type\" content=\"article\" \/>\n<meta property=\"og:title\" content=\"O nama\" \/>\n<meta property=\"og:description\" content=\"Saznajte vi\u0161e o me\u0111unarodnom teniskom turniru WTA Dubrovnik Open i na\u0161em timu profesionalaca\" \/>\n<meta property=\"og:url\" content=\"https:\/\/dubrovnikopen.com\/hr\/o-nama\/\" \/>\n<meta property=\"og:site_name\" content=\"WTA Dubrovnik Open\" \/>\n<meta property=\"article:modified_time\" content=\"2026-03-20T11:26:20+00:00\" \/>\n<meta property=\"og:image\" content=\"https:\/\/dubrovnikopen.com\/wp-content\/uploads\/2026\/02\/cropped-Dubrovnik-Open-Logo-Color-footer-300x300.png\" \/>\n<meta name=\"twitter:card\" content=\"summary_large_image\" \/>\n<meta name=\"twitter:title\" content=\"O nama\" \/>\n<meta name=\"twitter:description\" content=\"Saznajte vi\u0161e o me\u0111unarodnom teniskom turniru WTA Dubrovnik Open i na\u0161em timu profesionalaca\" \/>\n<meta name=\"twitter:image\" content=\"https:\/\/dubrovnikopen.com\/wp-content\/uploads\/2026\/02\/cropped-Dubrovnik-Open-Logo-Color-footer.png\" \/>\n<meta name=\"twitter:label1\" content=\"Procijenjeno vrijeme \u010ditanja\" \/>\n\t<meta name=\"twitter:data1\" content=\"2 minute\" \/>\n<script type=\"application\/ld+json\" class=\"yoast-schema-graph\">{\"@context\":\"https:\/\/schema.org\",\"@graph\":[{\"@type\":\"WebPage\",\"@id\":\"https:\/\/dubrovnikopen.com\/hr\/o-nama\/\",\"url\":\"https:\/\/dubrovnikopen.com\/hr\/o-nama\/\",\"name\":\"O nama - WTA Dubrovnik Open\",\"isPartOf\":{\"@id\":\"https:\/\/dubrovnikopen.com\/#website\"},\"primaryImageOfPage\":{\"@id\":\"https:\/\/dubrovnikopen.com\/hr\/o-nama\/#primaryimage\"},\"image\":{\"@id\":\"https:\/\/dubrovnikopen.com\/hr\/o-nama\/#primaryimage\"},\"thumbnailUrl\":\"https:\/\/dubrovnikopen.com\/wp-content\/uploads\/2026\/03\/ZWIR0202-1024x683.jpg\",\"datePublished\":\"2026-02-25T16:22:24+00:00\",\"dateModified\":\"2026-03-20T11:26:20+00:00\",\"description\":\"Saznajte vi\u0161e o me\u0111unarodnom teniskom turniru WTA Dubrovnik Open i na\u0161em timu profesionalaca u Lucas Sportu.\",\"breadcrumb\":{\"@id\":\"https:\/\/dubrovnikopen.com\/hr\/o-nama\/#breadcrumb\"},\"inLanguage\":\"hr\",\"potentialAction\":[{\"@type\":\"ReadAction\",\"target\":[\"https:\/\/dubrovnikopen.com\/hr\/o-nama\/\"]}]},{\"@type\":\"ImageObject\",\"inLanguage\":\"hr\",\"@id\":\"https:\/\/dubrovnikopen.com\/hr\/o-nama\/#primaryimage\",\"url\":\"https:\/\/dubrovnikopen.com\/wp-content\/uploads\/2026\/03\/ZWIR0202-1024x683.jpg\",\"contentUrl\":\"https:\/\/dubrovnikopen.com\/wp-content\/uploads\/2026\/03\/ZWIR0202-1024x683.jpg\"},{\"@type\":\"BreadcrumbList\",\"@id\":\"https:\/\/dubrovnikopen.com\/hr\/o-nama\/#breadcrumb\",\"itemListElement\":[{\"@type\":\"ListItem\",\"position\":1,\"name\":\"Home\",\"item\":\"https:\/\/dubrovnikopen.com\/hr\/naslovnica\/\"},{\"@type\":\"ListItem\",\"position\":2,\"name\":\"O nama\"}]},{\"@type\":\"WebSite\",\"@id\":\"https:\/\/dubrovnikopen.com\/#website\",\"url\":\"https:\/\/dubrovnikopen.com\/\",\"name\":\"WTA Dubrovnik Open\",\"description\":\"\",\"publisher\":{\"@id\":\"https:\/\/dubrovnikopen.com\/#organization\"},\"potentialAction\":[{\"@type\":\"SearchAction\",\"target\":{\"@type\":\"EntryPoint\",\"urlTemplate\":\"https:\/\/dubrovnikopen.com\/?s={search_term_string}\"},\"query-input\":{\"@type\":\"PropertyValueSpecification\",\"valueRequired\":true,\"valueName\":\"search_term_string\"}}],\"inLanguage\":\"hr\"},{\"@type\":\"Organization\",\"@id\":\"https:\/\/dubrovnikopen.com\/#organization\",\"name\":\"WTA Dubrovnik Open\",\"url\":\"https:\/\/dubrovnikopen.com\/\",\"logo\":{\"@type\":\"ImageObject\",\"inLanguage\":\"hr\",\"@id\":\"https:\/\/dubrovnikopen.com\/#\/schema\/logo\/image\/\",\"url\":\"https:\/\/dubrovnikopen.com\/wp-content\/uploads\/2026\/02\/logo.png\",\"contentUrl\":\"https:\/\/dubrovnikopen.com\/wp-content\/uploads\/2026\/02\/logo.png\",\"width\":2000,\"height\":250,\"caption\":\"WTA Dubrovnik Open\"},\"image\":{\"@id\":\"https:\/\/dubrovnikopen.com\/#\/schema\/logo\/image\/\"}}]}<\/script>\n<!-- \/ Yoast SEO plugin. -->","yoast_head_json":{"title":"O nama - WTA Dubrovnik Open","description":"Saznajte vi\u0161e o me\u0111unarodnom teniskom turniru WTA Dubrovnik Open i na\u0161em timu profesionalaca u Lucas Sportu.","robots":{"index":"index","follow":"follow","max-snippet":"max-snippet:-1","max-image-preview":"max-image-preview:large","max-video-preview":"max-video-preview:-1"},"canonical":"https:\/\/dubrovnikopen.com\/hr\/o-nama\/","og_locale":"hr_HR","og_type":"article","og_title":"O nama","og_description":"Saznajte vi\u0161e o me\u0111unarodnom teniskom turniru WTA Dubrovnik Open i na\u0161em timu profesionalaca","og_url":"https:\/\/dubrovnikopen.com\/hr\/o-nama\/","og_site_name":"WTA Dubrovnik Open","article_modified_time":"2026-03-20T11:26:20+00:00","og_image":[{"url":"https:\/\/dubrovnikopen.com\/wp-content\/uploads\/2026\/02\/cropped-Dubrovnik-Open-Logo-Color-footer-300x300.png","type":"","width":"","height":""}],"twitter_card":"summary_large_image","twitter_title":"O nama","twitter_description":"Saznajte vi\u0161e o me\u0111unarodnom teniskom turniru WTA Dubrovnik Open i na\u0161em timu profesionalaca","twitter_image":"https:\/\/dubrovnikopen.com\/wp-content\/uploads\/2026\/02\/cropped-Dubrovnik-Open-Logo-Color-footer.png","twitter_misc":{"Procijenjeno vrijeme \u010ditanja":"2 minute"},"schema":{"@context":"https:\/\/schema.org","@graph":[{"@type":"WebPage","@id":"https:\/\/dubrovnikopen.com\/hr\/o-nama\/","url":"https:\/\/dubrovnikopen.com\/hr\/o-nama\/","name":"O nama - WTA Dubrovnik Open","isPartOf":{"@id":"https:\/\/dubrovnikopen.com\/#website"},"primaryImageOfPage":{"@id":"https:\/\/dubrovnikopen.com\/hr\/o-nama\/#primaryimage"},"image":{"@id":"https:\/\/dubrovnikopen.com\/hr\/o-nama\/#primaryimage"},"thumbnailUrl":"https:\/\/dubrovnikopen.com\/wp-content\/uploads\/2026\/03\/ZWIR0202-1024x683.jpg","datePublished":"2026-02-25T16:22:24+00:00","dateModified":"2026-03-20T11:26:20+00:00","description":"Saznajte vi\u0161e o me\u0111unarodnom teniskom turniru WTA Dubrovnik Open i na\u0161em timu profesionalaca u Lucas Sportu.","breadcrumb":{"@id":"https:\/\/dubrovnikopen.com\/hr\/o-nama\/#breadcrumb"},"inLanguage":"hr","potentialAction":[{"@type":"ReadAction","target":["https:\/\/dubrovnikopen.com\/hr\/o-nama\/"]}]},{"@type":"ImageObject","inLanguage":"hr","@id":"https:\/\/dubrovnikopen.com\/hr\/o-nama\/#primaryimage","url":"https:\/\/dubrovnikopen.com\/wp-content\/uploads\/2026\/03\/ZWIR0202-1024x683.jpg","contentUrl":"https:\/\/dubrovnikopen.com\/wp-content\/uploads\/2026\/03\/ZWIR0202-1024x683.jpg"},{"@type":"BreadcrumbList","@id":"https:\/\/dubrovnikopen.com\/hr\/o-nama\/#breadcrumb","itemListElement":[{"@type":"ListItem","position":1,"name":"Home","item":"https:\/\/dubrovnikopen.com\/hr\/naslovnica\/"},{"@type":"ListItem","position":2,"name":"O nama"}]},{"@type":"WebSite","@id":"https:\/\/dubrovnikopen.com\/#website","url":"https:\/\/dubrovnikopen.com\/","name":"WTA Dubrovnik Open","description":"","publisher":{"@id":"https:\/\/dubrovnikopen.com\/#organization"},"potentialAction":[{"@type":"SearchAction","target":{"@type":"EntryPoint","urlTemplate":"https:\/\/dubrovnikopen.com\/?s={search_term_string}"},"query-input":{"@type":"PropertyValueSpecification","valueRequired":true,"valueName":"search_term_string"}}],"inLanguage":"hr"},{"@type":"Organization","@id":"https:\/\/dubrovnikopen.com\/#organization","name":"WTA Dubrovnik Open","url":"https:\/\/dubrovnikopen.com\/","logo":{"@type":"ImageObject","inLanguage":"hr","@id":"https:\/\/dubrovnikopen.com\/#\/schema\/logo\/image\/","url":"https:\/\/dubrovnikopen.com\/wp-content\/uploads\/2026\/02\/logo.png","contentUrl":"https:\/\/dubrovnikopen.com\/wp-content\/uploads\/2026\/02\/logo.png","width":2000,"height":250,"caption":"WTA Dubrovnik Open"},"image":{"@id":"https:\/\/dubrovnikopen.com\/#\/schema\/logo\/image\/"}}]}},"_links":{"self":[{"href":"https:\/\/dubrovnikopen.com\/hr\/wp-json\/wp\/v2\/pages\/387","targetHints":{"allow":["GET"]}}],"collection":[{"href":"https:\/\/dubrovnikopen.com\/hr\/wp-json\/wp\/v2\/pages"}],"about":[{"href":"https:\/\/dubrovnikopen.com\/hr\/wp-json\/wp\/v2\/types\/page"}],"author":[{"embeddable":true,"href":"https:\/\/dubrovnikopen.com\/hr\/wp-json\/wp\/v2\/users\/1"}],"replies":[{"embeddable":true,"href":"https:\/\/dubrovnikopen.com\/hr\/wp-json\/wp\/v2\/comments?post=387"}],"version-history":[{"count":4,"href":"https:\/\/dubrovnikopen.com\/hr\/wp-json\/wp\/v2\/pages\/387\/revisions"}],"predecessor-version":[{"id":1002,"href":"https:\/\/dubrovnikopen.com\/hr\/wp-json\/wp\/v2\/pages\/387\/revisions\/1002"}],"wp:attachment":[{"href":"https:\/\/dubrovnikopen.com\/hr\/wp-json\/wp\/v2\/media?parent=387"}],"curies":[{"name":"wp","href":"https:\/\/api.w.org\/{rel}","templated":true}]}}