{"id":443,"date":"2026-02-25T17:45:43","date_gmt":"2026-02-25T16:45:43","guid":{"rendered":"https:\/\/dubrovnikopen.com\/domacin-sumratin\/"},"modified":"2026-03-17T15:48:54","modified_gmt":"2026-03-17T14:48:54","slug":"domacin-sumratin","status":"publish","type":"page","link":"https:\/\/dubrovnikopen.com\/hr\/domacin-sumratin\/","title":{"rendered":"Doma\u0107in: Sumratin"},"content":{"rendered":"\t\t<div data-elementor-type=\"wp-page\" data-elementor-id=\"443\" class=\"elementor elementor-443 elementor-196\" data-elementor-post-type=\"page\">\n\t\t\t\t<div class=\"elementor-element elementor-element-0e67fb4 e-flex e-con-boxed e-con e-parent\" data-id=\"0e67fb4\" data-element_type=\"container\" data-e-type=\"container\" data-settings=\"{&quot;background_background&quot;:&quot;classic&quot;}\">\n\t\t\t\t\t<div class=\"e-con-inner\">\n\t\t<div class=\"elementor-element elementor-element-ba18746 e-con-full e-flex e-con e-child\" data-id=\"ba18746\" data-element_type=\"container\" data-e-type=\"container\">\n\t\t\t\t<div class=\"elementor-element elementor-element-a5e6d63 elementor-widget elementor-widget-heading\" data-id=\"a5e6d63\" data-element_type=\"widget\" data-e-type=\"widget\" data-widget_type=\"heading.default\">\n\t\t\t\t\t<h3 class=\"elementor-heading-title elementor-size-default\">DOMA\u0106IN SUMRATIN<\/h3>\t\t\t\t<\/div>\n\t\t\t\t<\/div>\n\t\t<div class=\"elementor-element elementor-element-f129806 e-con-full e-flex e-con e-child\" data-id=\"f129806\" data-element_type=\"container\" data-e-type=\"container\">\n\t\t\t\t<\/div>\n\t\t\t\t\t<\/div>\n\t\t\t\t<\/div>\n\t\t<div class=\"elementor-element elementor-element-b798893 e-flex e-con-boxed e-con e-parent\" data-id=\"b798893\" data-element_type=\"container\" data-e-type=\"container\" data-settings=\"{&quot;background_background&quot;:&quot;classic&quot;}\">\n\t\t\t\t\t<div class=\"e-con-inner\">\n\t\t<div class=\"elementor-element elementor-element-b310968 e-con-full e-flex e-con e-child\" data-id=\"b310968\" data-element_type=\"container\" data-e-type=\"container\">\n\t\t\t\t<div class=\"elementor-element elementor-element-97b8e33 elementor-widget elementor-widget-text-editor\" data-id=\"97b8e33\" data-element_type=\"widget\" data-e-type=\"widget\" data-widget_type=\"text-editor.default\">\n\t\t\t\t\t\t\t\t\t<p><span style=\"font-weight: 400;\">Smje\u0161ten u srcu uvale Lapad, hotel koji ugo\u0161\u0107uje sve WTA igra\u010dice tijekom Dubrovnik Opena savr\u0161en je izbor za goste koji \u017eele biti u sredi\u0161tu turnirske akcije i blizu tenisa svjetske klase.  <strong>Ako \u017eelite dijeliti istu adresu s najboljim igra\u010dima svijeta i iz prve ruke iskusiti turnir, ovo je pravo mjesto za vas.<\/strong><\/span><\/p><p><span style=\"font-weight: 400;\">Novootvoren 2025. godine, hotel spaja bogatu dubrova\u010dku povijest sa suvremenom elegancijom. Smje\u0161ten uz najljep\u0161u gradsku \u0161etnicu, samo tri kilometra od starog grada i na nekoliko koraka od kristalno \u010distog mora i pla\u017ee Lapad, nudi jedinstvenu lokaciju i iskustvo. <strong>  S jedne strane gosti u\u017eivaju u pogledu na more, dok s druge strane mogu gledati turnir sa svog balkona.<\/strong><\/span><\/p>\t\t\t\t\t\t\t\t<\/div>\n\t\t<div class=\"elementor-element elementor-element-36cc930 e-con-full e-flex e-con e-child\" data-id=\"36cc930\" data-element_type=\"container\" data-e-type=\"container\">\n\t\t<div class=\"elementor-element elementor-element-d3d121c e-con-full e-flex e-con e-child\" data-id=\"d3d121c\" data-element_type=\"container\" data-e-type=\"container\">\n\t\t<div class=\"elementor-element elementor-element-871ab4f e-con-full e-flex e-con e-child\" data-id=\"871ab4f\" data-element_type=\"container\" data-e-type=\"container\">\n\t\t\t\t<div class=\"elementor-element elementor-element-7af16c3 elementor-widget elementor-widget-image\" data-id=\"7af16c3\" data-element_type=\"widget\" data-e-type=\"widget\" data-widget_type=\"image.default\">\n\t\t\t\t\t\t\t\t\t\t\t\t\t\t\t<img fetchpriority=\"high\" decoding=\"async\" width=\"2160\" height=\"1200\" src=\"https:\/\/dubrovnikopen.com\/wp-content\/uploads\/2026\/02\/destinacija-sumratin1.png\" class=\"attachment-full size-full wp-image-437\" alt=\"\" srcset=\"https:\/\/dubrovnikopen.com\/wp-content\/uploads\/2026\/02\/destinacija-sumratin1.png 2160w, https:\/\/dubrovnikopen.com\/wp-content\/uploads\/2026\/02\/destinacija-sumratin1-300x167.png 300w, https:\/\/dubrovnikopen.com\/wp-content\/uploads\/2026\/02\/destinacija-sumratin1-1024x569.png 1024w, https:\/\/dubrovnikopen.com\/wp-content\/uploads\/2026\/02\/destinacija-sumratin1-768x427.png 768w, https:\/\/dubrovnikopen.com\/wp-content\/uploads\/2026\/02\/destinacija-sumratin1-1536x853.png 1536w, https:\/\/dubrovnikopen.com\/wp-content\/uploads\/2026\/02\/destinacija-sumratin1-2048x1138.png 2048w\" sizes=\"(max-width: 2160px) 100vw, 2160px\" \/>\t\t\t\t\t\t\t\t\t\t\t\t\t\t\t<\/div>\n\t\t\t\t<\/div>\n\t\t<div class=\"elementor-element elementor-element-d6149df e-con-full e-flex e-con e-child\" data-id=\"d6149df\" data-element_type=\"container\" data-e-type=\"container\">\n\t\t\t\t<div class=\"elementor-element elementor-element-1bb601e elementor-widget elementor-widget-image\" data-id=\"1bb601e\" data-element_type=\"widget\" data-e-type=\"widget\" data-widget_type=\"image.default\">\n\t\t\t\t\t\t\t\t\t\t\t\t\t\t\t<img decoding=\"async\" width=\"2160\" height=\"1200\" src=\"https:\/\/dubrovnikopen.com\/wp-content\/uploads\/2026\/02\/destinacija-sumratin3.png\" class=\"attachment-full size-full wp-image-438\" alt=\"\" srcset=\"https:\/\/dubrovnikopen.com\/wp-content\/uploads\/2026\/02\/destinacija-sumratin3.png 2160w, https:\/\/dubrovnikopen.com\/wp-content\/uploads\/2026\/02\/destinacija-sumratin3-300x167.png 300w, https:\/\/dubrovnikopen.com\/wp-content\/uploads\/2026\/02\/destinacija-sumratin3-1024x569.png 1024w, https:\/\/dubrovnikopen.com\/wp-content\/uploads\/2026\/02\/destinacija-sumratin3-768x427.png 768w, https:\/\/dubrovnikopen.com\/wp-content\/uploads\/2026\/02\/destinacija-sumratin3-1536x853.png 1536w, https:\/\/dubrovnikopen.com\/wp-content\/uploads\/2026\/02\/destinacija-sumratin3-2048x1138.png 2048w\" sizes=\"(max-width: 2160px) 100vw, 2160px\" \/>\t\t\t\t\t\t\t\t\t\t\t\t\t\t\t<\/div>\n\t\t\t\t<\/div>\n\t\t\t\t<\/div>\n\t\t<div class=\"elementor-element elementor-element-a50a9ea e-con-full e-flex e-con e-child\" data-id=\"a50a9ea\" data-element_type=\"container\" data-e-type=\"container\">\n\t\t<div class=\"elementor-element elementor-element-b76c655 e-con-full e-flex e-con e-child\" data-id=\"b76c655\" data-element_type=\"container\" data-e-type=\"container\">\n\t\t\t\t<div class=\"elementor-element elementor-element-c584d06 elementor-widget elementor-widget-image\" data-id=\"c584d06\" data-element_type=\"widget\" data-e-type=\"widget\" data-widget_type=\"image.default\">\n\t\t\t\t\t\t\t\t\t\t\t\t\t\t\t<img decoding=\"async\" width=\"2160\" height=\"1200\" src=\"https:\/\/dubrovnikopen.com\/wp-content\/uploads\/2026\/02\/destinacija-sumratin2.png\" class=\"attachment-full size-full wp-image-439\" alt=\"\" srcset=\"https:\/\/dubrovnikopen.com\/wp-content\/uploads\/2026\/02\/destinacija-sumratin2.png 2160w, https:\/\/dubrovnikopen.com\/wp-content\/uploads\/2026\/02\/destinacija-sumratin2-300x167.png 300w, https:\/\/dubrovnikopen.com\/wp-content\/uploads\/2026\/02\/destinacija-sumratin2-1024x569.png 1024w, https:\/\/dubrovnikopen.com\/wp-content\/uploads\/2026\/02\/destinacija-sumratin2-768x427.png 768w, https:\/\/dubrovnikopen.com\/wp-content\/uploads\/2026\/02\/destinacija-sumratin2-1536x853.png 1536w, https:\/\/dubrovnikopen.com\/wp-content\/uploads\/2026\/02\/destinacija-sumratin2-2048x1138.png 2048w\" sizes=\"(max-width: 2160px) 100vw, 2160px\" \/>\t\t\t\t\t\t\t\t\t\t\t\t\t\t\t<\/div>\n\t\t\t\t<\/div>\n\t\t<div class=\"elementor-element elementor-element-1f2756b e-con-full e-flex e-con e-child\" data-id=\"1f2756b\" data-element_type=\"container\" data-e-type=\"container\">\n\t\t\t\t<div class=\"elementor-element elementor-element-4970f7c elementor-widget elementor-widget-image\" data-id=\"4970f7c\" data-element_type=\"widget\" data-e-type=\"widget\" data-widget_type=\"image.default\">\n\t\t\t\t\t\t\t\t\t\t\t\t\t\t\t<img loading=\"lazy\" decoding=\"async\" width=\"2160\" height=\"1200\" src=\"https:\/\/dubrovnikopen.com\/wp-content\/uploads\/2026\/02\/destinacija-sumratin4.png\" class=\"attachment-full size-full wp-image-440\" alt=\"\" srcset=\"https:\/\/dubrovnikopen.com\/wp-content\/uploads\/2026\/02\/destinacija-sumratin4.png 2160w, https:\/\/dubrovnikopen.com\/wp-content\/uploads\/2026\/02\/destinacija-sumratin4-300x167.png 300w, https:\/\/dubrovnikopen.com\/wp-content\/uploads\/2026\/02\/destinacija-sumratin4-1024x569.png 1024w, https:\/\/dubrovnikopen.com\/wp-content\/uploads\/2026\/02\/destinacija-sumratin4-768x427.png 768w, https:\/\/dubrovnikopen.com\/wp-content\/uploads\/2026\/02\/destinacija-sumratin4-1536x853.png 1536w, https:\/\/dubrovnikopen.com\/wp-content\/uploads\/2026\/02\/destinacija-sumratin4-2048x1138.png 2048w\" sizes=\"(max-width: 2160px) 100vw, 2160px\" \/>\t\t\t\t\t\t\t\t\t\t\t\t\t\t\t<\/div>\n\t\t\t\t<\/div>\n\t\t\t\t<\/div>\n\t\t<div class=\"elementor-element elementor-element-e3cc9b4 e-con-full e-flex e-con e-child\" data-id=\"e3cc9b4\" data-element_type=\"container\" data-e-type=\"container\" data-settings=\"{&quot;background_background&quot;:&quot;classic&quot;}\">\n\t\t\t\t<\/div>\n\t\t\t\t<\/div>\n\t\t<div class=\"elementor-element elementor-element-c9d0924 e-con-full e-flex e-con e-child\" data-id=\"c9d0924\" data-element_type=\"container\" data-e-type=\"container\">\n\t\t<div class=\"elementor-element elementor-element-0c899eb e-con-full e-flex e-con e-child\" data-id=\"0c899eb\" data-element_type=\"container\" data-e-type=\"container\">\n\t\t\t\t<div class=\"elementor-element elementor-element-058d51f elementor-mobile-align-center elementor-widget elementor-widget-button\" data-id=\"058d51f\" data-element_type=\"widget\" data-e-type=\"widget\" data-widget_type=\"button.default\">\n\t\t\t\t\t\t\t\t\t\t<a class=\"elementor-button elementor-button-link elementor-size-sm\" href=\"#\">\n\t\t\t\t\t\t<span class=\"elementor-button-content-wrapper\">\n\t\t\t\t\t\t\t\t\t<span class=\"elementor-button-text\">Rezervirajte smje\u0161taj<\/span>\n\t\t\t\t\t<\/span>\n\t\t\t\t\t<\/a>\n\t\t\t\t\t\t\t\t<\/div>\n\t\t\t\t<\/div>\n\t\t<div class=\"elementor-element elementor-element-d8dff04 e-con-full e-flex e-con e-child\" data-id=\"d8dff04\" data-element_type=\"container\" data-e-type=\"container\">\n\t\t\t\t<div class=\"elementor-element elementor-element-b1a7971 elementor-widget elementor-widget-image\" data-id=\"b1a7971\" data-element_type=\"widget\" data-e-type=\"widget\" data-widget_type=\"image.default\">\n\t\t\t\t\t\t\t\t\t\t\t\t\t\t\t<img loading=\"lazy\" decoding=\"async\" width=\"800\" height=\"400\" src=\"https:\/\/dubrovnikopen.com\/wp-content\/uploads\/2026\/02\/Sumratin-horizontal-1024x512.png\" class=\"attachment-large size-large wp-image-442\" alt=\"\" srcset=\"https:\/\/dubrovnikopen.com\/wp-content\/uploads\/2026\/02\/Sumratin-horizontal-1024x512.png 1024w, https:\/\/dubrovnikopen.com\/wp-content\/uploads\/2026\/02\/Sumratin-horizontal-300x150.png 300w, https:\/\/dubrovnikopen.com\/wp-content\/uploads\/2026\/02\/Sumratin-horizontal-768x384.png 768w, https:\/\/dubrovnikopen.com\/wp-content\/uploads\/2026\/02\/Sumratin-horizontal.png 1080w\" sizes=\"(max-width: 800px) 100vw, 800px\" \/>\t\t\t\t\t\t\t\t\t\t\t\t\t\t\t<\/div>\n\t\t\t\t<\/div>\n\t\t\t\t<\/div>\n\t\t\t\t<\/div>\n\t\t\t\t\t<\/div>\n\t\t\t\t<\/div>\n\t\t\t\t<\/div>\n\t\t","protected":false},"excerpt":{"rendered":"<p>DOMA\u0106IN SUMRATIN Smje\u0161ten u srcu uvale Lapad, hotel koji ugo\u0161\u0107uje sve WTA igra\u010dice tijekom Dubrovnik Opena savr\u0161en je izbor za goste koji \u017eele biti u sredi\u0161tu turnirske akcije i blizu tenisa svjetske klase. Ako \u017eelite dijeliti istu adresu s najboljim igra\u010dima svijeta i iz prve ruke iskusiti turnir, ovo je pravo mjesto za vas. Novootvoren [&hellip;]<\/p>\n","protected":false},"author":1,"featured_media":0,"parent":0,"menu_order":0,"comment_status":"closed","ping_status":"closed","template":"","meta":{"footnotes":""},"class_list":["post-443","page","type-page","status-publish","hentry"],"yoast_head":"<!-- This site is optimized with the Yoast SEO plugin v27.1.1 - https:\/\/yoast.com\/product\/yoast-seo-wordpress\/ -->\n<title>Doma\u0107in: Sumratin - WTA Dubrovnik Open<\/title>\n<meta name=\"description\" content=\"Located in the heart of Lapad Bay, the hotel that hosts all WTA players during the Dubrovnik Open is the perfect choice for guests.\" \/>\n<meta name=\"robots\" content=\"index, follow, max-snippet:-1, max-image-preview:large, max-video-preview:-1\" \/>\n<link rel=\"canonical\" href=\"https:\/\/dubrovnikopen.com\/hr\/domacin-sumratin\/\" \/>\n<meta property=\"og:locale\" content=\"hr_HR\" \/>\n<meta property=\"og:type\" content=\"article\" \/>\n<meta property=\"og:title\" content=\"Hotel Sumratin\" \/>\n<meta property=\"og:description\" content=\"Smje\u0161ten u srcu uvale Lapad, hotel koji ugo\u0161\u0107uje sve WTA igra\u010dice tijekom Dubrovnik Opena savr\u0161en je izbor za goste\" \/>\n<meta property=\"og:url\" content=\"https:\/\/dubrovnikopen.com\/hr\/domacin-sumratin\/\" \/>\n<meta property=\"og:site_name\" content=\"WTA Dubrovnik Open\" \/>\n<meta property=\"article:modified_time\" content=\"2026-03-17T14:48:54+00:00\" \/>\n<meta property=\"og:image\" content=\"https:\/\/dubrovnikopen.com\/wp-content\/uploads\/2026\/02\/cropped-Dubrovnik-Open-Logo-Color-footer-300x300.png\" \/>\n<meta name=\"twitter:card\" content=\"summary_large_image\" \/>\n<meta name=\"twitter:title\" content=\"Hotel Sumratin\" \/>\n<meta name=\"twitter:description\" content=\"Smje\u0161ten u srcu uvale Lapad, hotel koji ugo\u0161\u0107uje sve WTA igra\u010dice tijekom Dubrovnik Opena savr\u0161en je izbor za goste\" \/>\n<meta name=\"twitter:image\" content=\"https:\/\/dubrovnikopen.com\/wp-content\/uploads\/2026\/02\/cropped-Dubrovnik-Open-Logo-Color-footer.png\" \/>\n<meta name=\"twitter:label1\" content=\"Procijenjeno vrijeme \u010ditanja\" \/>\n\t<meta name=\"twitter:data1\" content=\"1 minuta\" \/>\n<script type=\"application\/ld+json\" class=\"yoast-schema-graph\">{\"@context\":\"https:\/\/schema.org\",\"@graph\":[{\"@type\":\"WebPage\",\"@id\":\"https:\/\/dubrovnikopen.com\/hr\/domacin-sumratin\/\",\"url\":\"https:\/\/dubrovnikopen.com\/hr\/domacin-sumratin\/\",\"name\":\"Doma\u0107in: Sumratin - WTA Dubrovnik Open\",\"isPartOf\":{\"@id\":\"https:\/\/dubrovnikopen.com\/#website\"},\"primaryImageOfPage\":{\"@id\":\"https:\/\/dubrovnikopen.com\/hr\/domacin-sumratin\/#primaryimage\"},\"image\":{\"@id\":\"https:\/\/dubrovnikopen.com\/hr\/domacin-sumratin\/#primaryimage\"},\"thumbnailUrl\":\"https:\/\/dubrovnikopen.com\/wp-content\/uploads\/2026\/02\/destinacija-sumratin1.png\",\"datePublished\":\"2026-02-25T16:45:43+00:00\",\"dateModified\":\"2026-03-17T14:48:54+00:00\",\"description\":\"Located in the heart of Lapad Bay, the hotel that hosts all WTA players during the Dubrovnik Open is the perfect choice for guests.\",\"breadcrumb\":{\"@id\":\"https:\/\/dubrovnikopen.com\/hr\/domacin-sumratin\/#breadcrumb\"},\"inLanguage\":\"hr\",\"potentialAction\":[{\"@type\":\"ReadAction\",\"target\":[\"https:\/\/dubrovnikopen.com\/hr\/domacin-sumratin\/\"]}]},{\"@type\":\"ImageObject\",\"inLanguage\":\"hr\",\"@id\":\"https:\/\/dubrovnikopen.com\/hr\/domacin-sumratin\/#primaryimage\",\"url\":\"https:\/\/dubrovnikopen.com\/wp-content\/uploads\/2026\/02\/destinacija-sumratin1.png\",\"contentUrl\":\"https:\/\/dubrovnikopen.com\/wp-content\/uploads\/2026\/02\/destinacija-sumratin1.png\"},{\"@type\":\"BreadcrumbList\",\"@id\":\"https:\/\/dubrovnikopen.com\/hr\/domacin-sumratin\/#breadcrumb\",\"itemListElement\":[{\"@type\":\"ListItem\",\"position\":1,\"name\":\"Home\",\"item\":\"https:\/\/dubrovnikopen.com\/hr\/naslovnica\/\"},{\"@type\":\"ListItem\",\"position\":2,\"name\":\"Doma\u0107in: Sumratin\"}]},{\"@type\":\"WebSite\",\"@id\":\"https:\/\/dubrovnikopen.com\/#website\",\"url\":\"https:\/\/dubrovnikopen.com\/\",\"name\":\"WTA Dubrovnik Open\",\"description\":\"\",\"publisher\":{\"@id\":\"https:\/\/dubrovnikopen.com\/#organization\"},\"potentialAction\":[{\"@type\":\"SearchAction\",\"target\":{\"@type\":\"EntryPoint\",\"urlTemplate\":\"https:\/\/dubrovnikopen.com\/?s={search_term_string}\"},\"query-input\":{\"@type\":\"PropertyValueSpecification\",\"valueRequired\":true,\"valueName\":\"search_term_string\"}}],\"inLanguage\":\"hr\"},{\"@type\":\"Organization\",\"@id\":\"https:\/\/dubrovnikopen.com\/#organization\",\"name\":\"WTA Dubrovnik Open\",\"url\":\"https:\/\/dubrovnikopen.com\/\",\"logo\":{\"@type\":\"ImageObject\",\"inLanguage\":\"hr\",\"@id\":\"https:\/\/dubrovnikopen.com\/#\/schema\/logo\/image\/\",\"url\":\"https:\/\/dubrovnikopen.com\/wp-content\/uploads\/2026\/02\/logo.png\",\"contentUrl\":\"https:\/\/dubrovnikopen.com\/wp-content\/uploads\/2026\/02\/logo.png\",\"width\":2000,\"height\":250,\"caption\":\"WTA Dubrovnik Open\"},\"image\":{\"@id\":\"https:\/\/dubrovnikopen.com\/#\/schema\/logo\/image\/\"}}]}<\/script>\n<!-- \/ Yoast SEO plugin. -->","yoast_head_json":{"title":"Doma\u0107in: Sumratin - WTA Dubrovnik Open","description":"Located in the heart of Lapad Bay, the hotel that hosts all WTA players during the Dubrovnik Open is the perfect choice for guests.","robots":{"index":"index","follow":"follow","max-snippet":"max-snippet:-1","max-image-preview":"max-image-preview:large","max-video-preview":"max-video-preview:-1"},"canonical":"https:\/\/dubrovnikopen.com\/hr\/domacin-sumratin\/","og_locale":"hr_HR","og_type":"article","og_title":"Hotel Sumratin","og_description":"Smje\u0161ten u srcu uvale Lapad, hotel koji ugo\u0161\u0107uje sve WTA igra\u010dice tijekom Dubrovnik Opena savr\u0161en je izbor za goste","og_url":"https:\/\/dubrovnikopen.com\/hr\/domacin-sumratin\/","og_site_name":"WTA Dubrovnik Open","article_modified_time":"2026-03-17T14:48:54+00:00","og_image":[{"url":"https:\/\/dubrovnikopen.com\/wp-content\/uploads\/2026\/02\/cropped-Dubrovnik-Open-Logo-Color-footer-300x300.png","type":"","width":"","height":""}],"twitter_card":"summary_large_image","twitter_title":"Hotel Sumratin","twitter_description":"Smje\u0161ten u srcu uvale Lapad, hotel koji ugo\u0161\u0107uje sve WTA igra\u010dice tijekom Dubrovnik Opena savr\u0161en je izbor za goste","twitter_image":"https:\/\/dubrovnikopen.com\/wp-content\/uploads\/2026\/02\/cropped-Dubrovnik-Open-Logo-Color-footer.png","twitter_misc":{"Procijenjeno vrijeme \u010ditanja":"1 minuta"},"schema":{"@context":"https:\/\/schema.org","@graph":[{"@type":"WebPage","@id":"https:\/\/dubrovnikopen.com\/hr\/domacin-sumratin\/","url":"https:\/\/dubrovnikopen.com\/hr\/domacin-sumratin\/","name":"Doma\u0107in: Sumratin - WTA Dubrovnik Open","isPartOf":{"@id":"https:\/\/dubrovnikopen.com\/#website"},"primaryImageOfPage":{"@id":"https:\/\/dubrovnikopen.com\/hr\/domacin-sumratin\/#primaryimage"},"image":{"@id":"https:\/\/dubrovnikopen.com\/hr\/domacin-sumratin\/#primaryimage"},"thumbnailUrl":"https:\/\/dubrovnikopen.com\/wp-content\/uploads\/2026\/02\/destinacija-sumratin1.png","datePublished":"2026-02-25T16:45:43+00:00","dateModified":"2026-03-17T14:48:54+00:00","description":"Located in the heart of Lapad Bay, the hotel that hosts all WTA players during the Dubrovnik Open is the perfect choice for guests.","breadcrumb":{"@id":"https:\/\/dubrovnikopen.com\/hr\/domacin-sumratin\/#breadcrumb"},"inLanguage":"hr","potentialAction":[{"@type":"ReadAction","target":["https:\/\/dubrovnikopen.com\/hr\/domacin-sumratin\/"]}]},{"@type":"ImageObject","inLanguage":"hr","@id":"https:\/\/dubrovnikopen.com\/hr\/domacin-sumratin\/#primaryimage","url":"https:\/\/dubrovnikopen.com\/wp-content\/uploads\/2026\/02\/destinacija-sumratin1.png","contentUrl":"https:\/\/dubrovnikopen.com\/wp-content\/uploads\/2026\/02\/destinacija-sumratin1.png"},{"@type":"BreadcrumbList","@id":"https:\/\/dubrovnikopen.com\/hr\/domacin-sumratin\/#breadcrumb","itemListElement":[{"@type":"ListItem","position":1,"name":"Home","item":"https:\/\/dubrovnikopen.com\/hr\/naslovnica\/"},{"@type":"ListItem","position":2,"name":"Doma\u0107in: Sumratin"}]},{"@type":"WebSite","@id":"https:\/\/dubrovnikopen.com\/#website","url":"https:\/\/dubrovnikopen.com\/","name":"WTA Dubrovnik Open","description":"","publisher":{"@id":"https:\/\/dubrovnikopen.com\/#organization"},"potentialAction":[{"@type":"SearchAction","target":{"@type":"EntryPoint","urlTemplate":"https:\/\/dubrovnikopen.com\/?s={search_term_string}"},"query-input":{"@type":"PropertyValueSpecification","valueRequired":true,"valueName":"search_term_string"}}],"inLanguage":"hr"},{"@type":"Organization","@id":"https:\/\/dubrovnikopen.com\/#organization","name":"WTA Dubrovnik Open","url":"https:\/\/dubrovnikopen.com\/","logo":{"@type":"ImageObject","inLanguage":"hr","@id":"https:\/\/dubrovnikopen.com\/#\/schema\/logo\/image\/","url":"https:\/\/dubrovnikopen.com\/wp-content\/uploads\/2026\/02\/logo.png","contentUrl":"https:\/\/dubrovnikopen.com\/wp-content\/uploads\/2026\/02\/logo.png","width":2000,"height":250,"caption":"WTA Dubrovnik Open"},"image":{"@id":"https:\/\/dubrovnikopen.com\/#\/schema\/logo\/image\/"}}]}},"_links":{"self":[{"href":"https:\/\/dubrovnikopen.com\/hr\/wp-json\/wp\/v2\/pages\/443","targetHints":{"allow":["GET"]}}],"collection":[{"href":"https:\/\/dubrovnikopen.com\/hr\/wp-json\/wp\/v2\/pages"}],"about":[{"href":"https:\/\/dubrovnikopen.com\/hr\/wp-json\/wp\/v2\/types\/page"}],"author":[{"embeddable":true,"href":"https:\/\/dubrovnikopen.com\/hr\/wp-json\/wp\/v2\/users\/1"}],"replies":[{"embeddable":true,"href":"https:\/\/dubrovnikopen.com\/hr\/wp-json\/wp\/v2\/comments?post=443"}],"version-history":[{"count":1,"href":"https:\/\/dubrovnikopen.com\/hr\/wp-json\/wp\/v2\/pages\/443\/revisions"}],"predecessor-version":[{"id":444,"href":"https:\/\/dubrovnikopen.com\/hr\/wp-json\/wp\/v2\/pages\/443\/revisions\/444"}],"wp:attachment":[{"href":"https:\/\/dubrovnikopen.com\/hr\/wp-json\/wp\/v2\/media?parent=443"}],"curies":[{"name":"wp","href":"https:\/\/api.w.org\/{rel}","templated":true}]}}