{"id":470,"date":"2026-02-25T18:19:07","date_gmt":"2026-02-25T17:19:07","guid":{"rendered":"https:\/\/dubrovnikopen.com\/sponzori\/"},"modified":"2026-03-24T19:17:41","modified_gmt":"2026-03-24T18:17:41","slug":"sponzori","status":"publish","type":"page","link":"https:\/\/dubrovnikopen.com\/hr\/sponzori\/","title":{"rendered":"Sponzori"},"content":{"rendered":"\t\t<div data-elementor-type=\"wp-page\" data-elementor-id=\"470\" class=\"elementor elementor-470 elementor-238\" data-elementor-post-type=\"page\">\n\t\t\t\t<div class=\"elementor-element elementor-element-4db43ed e-flex e-con-boxed e-con e-parent\" data-id=\"4db43ed\" data-element_type=\"container\" data-e-type=\"container\" data-settings=\"{&quot;background_background&quot;:&quot;classic&quot;}\">\n\t\t\t\t\t<div class=\"e-con-inner\">\n\t\t<div class=\"elementor-element elementor-element-66283b3 e-con-full e-flex e-con e-child\" data-id=\"66283b3\" data-element_type=\"container\" data-e-type=\"container\">\n\t\t\t\t<div class=\"elementor-element elementor-element-94afbaf elementor-widget elementor-widget-heading\" data-id=\"94afbaf\" data-element_type=\"widget\" data-e-type=\"widget\" data-widget_type=\"heading.default\">\n\t\t\t\t\t<h3 class=\"elementor-heading-title elementor-size-default\">SPONZORI<\/h3>\t\t\t\t<\/div>\n\t\t\t\t<\/div>\n\t\t<div class=\"elementor-element elementor-element-064245b e-con-full e-flex e-con e-child\" data-id=\"064245b\" data-element_type=\"container\" data-e-type=\"container\">\n\t\t\t\t<\/div>\n\t\t\t\t\t<\/div>\n\t\t\t\t<\/div>\n\t\t<div class=\"elementor-element elementor-element-c25d26c e-flex e-con-boxed e-con e-parent\" data-id=\"c25d26c\" data-element_type=\"container\" data-e-type=\"container\" data-settings=\"{&quot;background_background&quot;:&quot;classic&quot;}\">\n\t\t\t\t\t<div class=\"e-con-inner\">\n\t\t<div class=\"elementor-element elementor-element-c555c8c e-con-full e-flex e-con e-child\" data-id=\"c555c8c\" data-element_type=\"container\" data-e-type=\"container\">\n\t\t\t\t<div class=\"elementor-element elementor-element-a6bf989 elementor-widget-divider--view-line_text elementor-widget-divider--element-align-left elementor-widget elementor-widget-divider\" data-id=\"a6bf989\" data-element_type=\"widget\" data-e-type=\"widget\" data-widget_type=\"divider.default\">\n\t\t\t\t\t\t\t<div class=\"elementor-divider\">\n\t\t\t<span class=\"elementor-divider-separator\">\n\t\t\t\t\t\t\t<h2 class=\"elementor-divider__text elementor-divider__element\">\n\t\t\t\tPARTNERI\t\t\t\t<\/h2>\n\t\t\t\t\t\t<\/span>\n\t\t<\/div>\n\t\t\t\t\t\t<\/div>\n\t\t\t\t<div class=\"elementor-element elementor-element-403e9bc elementor-widget elementor-widget-gallery\" data-id=\"403e9bc\" data-element_type=\"widget\" data-e-type=\"widget\" data-settings=\"{&quot;columns_mobile&quot;:2,&quot;gap&quot;:{&quot;unit&quot;:&quot;px&quot;,&quot;size&quot;:0,&quot;sizes&quot;:[]},&quot;aspect_ratio&quot;:&quot;1:1&quot;,&quot;columns&quot;:5,&quot;gallery_layout&quot;:&quot;grid&quot;,&quot;columns_tablet&quot;:2,&quot;gap_tablet&quot;:{&quot;unit&quot;:&quot;px&quot;,&quot;size&quot;:10,&quot;sizes&quot;:[]},&quot;gap_mobile&quot;:{&quot;unit&quot;:&quot;px&quot;,&quot;size&quot;:10,&quot;sizes&quot;:[]},&quot;content_hover_animation&quot;:&quot;fade-in&quot;}\" data-widget_type=\"gallery.default\">\n\t\t\t\t\t\t\t<div class=\"elementor-gallery__container\">\n\t\t\t\t\t\t\t<div class=\"e-gallery-item elementor-gallery-item elementor-animated-content\">\n\t\t\t\t\t<div class=\"e-gallery-image elementor-gallery-item__image\" data-thumbnail=\"https:\/\/dubrovnikopen.com\/wp-content\/uploads\/2026\/03\/grad-dubrovnik.png\" data-width=\"1080\" data-height=\"1077\" aria-label=\"\" role=\"img\" ><\/div>\n\t\t\t\t\t\t\t\t\t\t\t\t\t\t<\/div>\n\t\t\t\t\t\t\t<div class=\"e-gallery-item elementor-gallery-item elementor-animated-content\">\n\t\t\t\t\t<div class=\"e-gallery-image elementor-gallery-item__image\" data-thumbnail=\"https:\/\/dubrovnikopen.com\/wp-content\/uploads\/2026\/03\/mints.png\" data-width=\"1080\" data-height=\"1077\" aria-label=\"\" role=\"img\" ><\/div>\n\t\t\t\t\t\t\t\t\t\t\t\t\t\t<\/div>\n\t\t\t\t\t\t\t<div class=\"e-gallery-item elementor-gallery-item elementor-animated-content\">\n\t\t\t\t\t<div class=\"e-gallery-image elementor-gallery-item__image\" data-thumbnail=\"https:\/\/dubrovnikopen.com\/wp-content\/uploads\/2026\/03\/dubrovacko-neretvanska-zupanija.png\" data-width=\"1080\" data-height=\"1077\" aria-label=\"\" role=\"img\" ><\/div>\n\t\t\t\t\t\t\t\t\t\t\t\t\t\t<\/div>\n\t\t\t\t\t<\/div>\n\t\t\t\t\t<\/div>\n\t\t\t\t<div class=\"elementor-element elementor-element-4d2b82a elementor-widget elementor-widget-spacer\" data-id=\"4d2b82a\" data-element_type=\"widget\" data-e-type=\"widget\" data-widget_type=\"spacer.default\">\n\t\t\t\t\t\t\t<div class=\"elementor-spacer\">\n\t\t\t<div class=\"elementor-spacer-inner\"><\/div>\n\t\t<\/div>\n\t\t\t\t\t\t<\/div>\n\t\t\t\t<div class=\"elementor-element elementor-element-2b00eec elementor-widget-divider--view-line_text elementor-widget-divider--element-align-left elementor-widget elementor-widget-divider\" data-id=\"2b00eec\" data-element_type=\"widget\" data-e-type=\"widget\" data-widget_type=\"divider.default\">\n\t\t\t\t\t\t\t<div class=\"elementor-divider\">\n\t\t\t<span class=\"elementor-divider-separator\">\n\t\t\t\t\t\t\t<h2 class=\"elementor-divider__text elementor-divider__element\">\n\t\t\t\tPREMIUM SPONZORI\t\t\t\t<\/h2>\n\t\t\t\t\t\t<\/span>\n\t\t<\/div>\n\t\t\t\t\t\t<\/div>\n\t\t\t\t<div class=\"elementor-element elementor-element-a567fd7 elementor-widget elementor-widget-gallery\" data-id=\"a567fd7\" data-element_type=\"widget\" data-e-type=\"widget\" data-settings=\"{&quot;columns_mobile&quot;:2,&quot;gap&quot;:{&quot;unit&quot;:&quot;px&quot;,&quot;size&quot;:0,&quot;sizes&quot;:[]},&quot;aspect_ratio&quot;:&quot;1:1&quot;,&quot;columns&quot;:5,&quot;gallery_layout&quot;:&quot;grid&quot;,&quot;columns_tablet&quot;:2,&quot;gap_tablet&quot;:{&quot;unit&quot;:&quot;px&quot;,&quot;size&quot;:10,&quot;sizes&quot;:[]},&quot;gap_mobile&quot;:{&quot;unit&quot;:&quot;px&quot;,&quot;size&quot;:10,&quot;sizes&quot;:[]},&quot;content_hover_animation&quot;:&quot;fade-in&quot;}\" data-widget_type=\"gallery.default\">\n\t\t\t\t\t\t\t<div class=\"elementor-gallery__container\">\n\t\t\t\t\t\t\t<div class=\"e-gallery-item elementor-gallery-item elementor-animated-content\">\n\t\t\t\t\t<div class=\"e-gallery-image elementor-gallery-item__image\" data-thumbnail=\"https:\/\/dubrovnikopen.com\/wp-content\/uploads\/2026\/03\/sumratin-hotel.png\" data-width=\"1080\" data-height=\"1077\" aria-label=\"\" role=\"img\" ><\/div>\n\t\t\t\t\t\t\t\t\t\t\t\t\t\t<\/div>\n\t\t\t\t\t\t\t<div class=\"e-gallery-item elementor-gallery-item elementor-animated-content\">\n\t\t\t\t\t<div class=\"e-gallery-image elementor-gallery-item__image\" data-thumbnail=\"https:\/\/dubrovnikopen.com\/wp-content\/uploads\/2026\/03\/htz.png\" data-width=\"1080\" data-height=\"1077\" aria-label=\"\" role=\"img\" ><\/div>\n\t\t\t\t\t\t\t\t\t\t\t\t\t\t<\/div>\n\t\t\t\t\t<\/div>\n\t\t\t\t\t<\/div>\n\t\t\t\t<div class=\"elementor-element elementor-element-5919867 elementor-widget elementor-widget-spacer\" data-id=\"5919867\" data-element_type=\"widget\" data-e-type=\"widget\" data-widget_type=\"spacer.default\">\n\t\t\t\t\t\t\t<div class=\"elementor-spacer\">\n\t\t\t<div class=\"elementor-spacer-inner\"><\/div>\n\t\t<\/div>\n\t\t\t\t\t\t<\/div>\n\t\t\t\t<div class=\"elementor-element elementor-element-6c4a418 elementor-widget elementor-widget-spacer\" data-id=\"6c4a418\" data-element_type=\"widget\" data-e-type=\"widget\" data-widget_type=\"spacer.default\">\n\t\t\t\t\t\t\t<div class=\"elementor-spacer\">\n\t\t\t<div class=\"elementor-spacer-inner\"><\/div>\n\t\t<\/div>\n\t\t\t\t\t\t<\/div>\n\t\t\t\t<div class=\"elementor-element elementor-element-d0f84c3 elementor-widget-divider--view-line_text elementor-widget-divider--element-align-left elementor-widget elementor-widget-divider\" data-id=\"d0f84c3\" data-element_type=\"widget\" data-e-type=\"widget\" data-widget_type=\"divider.default\">\n\t\t\t\t\t\t\t<div class=\"elementor-divider\">\n\t\t\t<span class=\"elementor-divider-separator\">\n\t\t\t\t\t\t\t<h2 class=\"elementor-divider__text elementor-divider__element\">\n\t\t\t\tSPONZORI\t\t\t\t<\/h2>\n\t\t\t\t\t\t<\/span>\n\t\t<\/div>\n\t\t\t\t\t\t<\/div>\n\t\t\t\t<div class=\"elementor-element elementor-element-a4fdd81 elementor-widget elementor-widget-image-carousel\" data-id=\"a4fdd81\" data-element_type=\"widget\" data-e-type=\"widget\" data-settings=\"{&quot;slides_to_show&quot;:&quot;5&quot;,&quot;slides_to_show_tablet&quot;:&quot;4&quot;,&quot;slides_to_show_mobile&quot;:&quot;2&quot;,&quot;navigation&quot;:&quot;none&quot;,&quot;speed&quot;:1000,&quot;autoplay_speed&quot;:3000,&quot;autoplay&quot;:&quot;yes&quot;,&quot;pause_on_hover&quot;:&quot;yes&quot;,&quot;pause_on_interaction&quot;:&quot;yes&quot;,&quot;infinite&quot;:&quot;yes&quot;}\" data-widget_type=\"image-carousel.default\">\n\t\t\t\t\t\t\t<div class=\"elementor-image-carousel-wrapper swiper\" role=\"region\" aria-roledescription=\"carousel\" aria-label=\"Image Carousel\" dir=\"ltr\">\n\t\t\t<div class=\"elementor-image-carousel swiper-wrapper\" aria-live=\"off\">\n\t\t\t\t\t\t\t\t<div class=\"swiper-slide\" role=\"group\" aria-roledescription=\"slide\" aria-label=\"1 od 12\"><figure class=\"swiper-slide-inner\"><img decoding=\"async\" class=\"swiper-slide-image\" src=\"https:\/\/dubrovnikopen.com\/wp-content\/uploads\/2026\/03\/adriatic-osiguranje.png\" alt=\"adriatic-osiguranje\" \/><\/figure><\/div><div class=\"swiper-slide\" role=\"group\" aria-roledescription=\"slide\" aria-label=\"2 od 12\"><figure class=\"swiper-slide-inner\"><img decoding=\"async\" class=\"swiper-slide-image\" src=\"https:\/\/dubrovnikopen.com\/wp-content\/uploads\/2026\/03\/atlantic-grupa.png\" alt=\"atlantic-grupa\" \/><\/figure><\/div><div class=\"swiper-slide\" role=\"group\" aria-roledescription=\"slide\" aria-label=\"3 od 12\"><figure class=\"swiper-slide-inner\"><img decoding=\"async\" class=\"swiper-slide-image\" src=\"https:\/\/dubrovnikopen.com\/wp-content\/uploads\/2026\/03\/cedevita.png\" alt=\"cedevita\" \/><\/figure><\/div><div class=\"swiper-slide\" role=\"group\" aria-roledescription=\"slide\" aria-label=\"4 od 12\"><figure class=\"swiper-slide-inner\"><img decoding=\"async\" class=\"swiper-slide-image\" src=\"https:\/\/dubrovnikopen.com\/wp-content\/uploads\/2026\/03\/curaprox.png\" alt=\"curaprox\" \/><\/figure><\/div><div class=\"swiper-slide\" role=\"group\" aria-roledescription=\"slide\" aria-label=\"5 od 12\"><figure class=\"swiper-slide-inner\"><img decoding=\"async\" class=\"swiper-slide-image\" src=\"https:\/\/dubrovnikopen.com\/wp-content\/uploads\/2026\/03\/nova-rent-a-car.png\" alt=\"nova-rent-a-car\" \/><\/figure><\/div><div class=\"swiper-slide\" role=\"group\" aria-roledescription=\"slide\" aria-label=\"6 od 12\"><figure class=\"swiper-slide-inner\"><img decoding=\"async\" class=\"swiper-slide-image\" src=\"https:\/\/dubrovnikopen.com\/wp-content\/uploads\/2026\/03\/royal-hill-estate.png\" alt=\"royal-hill-estate\" \/><\/figure><\/div><div class=\"swiper-slide\" role=\"group\" aria-roledescription=\"slide\" aria-label=\"7 od 12\"><figure class=\"swiper-slide-inner\"><img decoding=\"async\" class=\"swiper-slide-image\" src=\"https:\/\/dubrovnikopen.com\/wp-content\/uploads\/2026\/03\/maya.png\" alt=\"maya\" \/><\/figure><\/div><div class=\"swiper-slide\" role=\"group\" aria-roledescription=\"slide\" aria-label=\"8 od 12\"><figure class=\"swiper-slide-inner\"><img decoding=\"async\" class=\"swiper-slide-image\" src=\"https:\/\/dubrovnikopen.com\/wp-content\/uploads\/2026\/03\/head.png\" alt=\"head\" \/><\/figure><\/div><div class=\"swiper-slide\" role=\"group\" aria-roledescription=\"slide\" aria-label=\"9 od 12\"><figure class=\"swiper-slide-inner\"><img decoding=\"async\" class=\"swiper-slide-image\" src=\"https:\/\/dubrovnikopen.com\/wp-content\/uploads\/2026\/03\/bilic-eric.png\" alt=\"bilic-eric\" \/><\/figure><\/div><div class=\"swiper-slide\" role=\"group\" aria-roledescription=\"slide\" aria-label=\"10 od 12\"><figure class=\"swiper-slide-inner\"><img decoding=\"async\" class=\"swiper-slide-image\" src=\"https:\/\/dubrovnikopen.com\/wp-content\/uploads\/2026\/03\/Brand_code_2-removebg-preview.png\" alt=\"Brand Code\" \/><\/figure><\/div><div class=\"swiper-slide\" role=\"group\" aria-roledescription=\"slide\" aria-label=\"11 od 12\"><figure class=\"swiper-slide-inner\"><img decoding=\"async\" class=\"swiper-slide-image\" src=\"https:\/\/dubrovnikopen.com\/wp-content\/uploads\/2026\/03\/Dubrovnik_TB_2-removebg-preview.png\" alt=\"Dubrovnik Tourist Board\" \/><\/figure><\/div><div class=\"swiper-slide\" role=\"group\" aria-roledescription=\"slide\" aria-label=\"12 od 12\"><figure class=\"swiper-slide-inner\"><img decoding=\"async\" class=\"swiper-slide-image\" src=\"https:\/\/dubrovnikopen.com\/wp-content\/uploads\/2026\/03\/Winaria-Danubio.png\" alt=\"Vinarija Danubio\" \/><\/figure><\/div>\t\t\t<\/div>\n\t\t\t\t\t\t\t\n\t\t\t\t\t\t\t\t\t<\/div>\n\t\t\t\t\t\t<\/div>\n\t\t\t\t<div class=\"elementor-element elementor-element-f0f0526 elementor-widget elementor-widget-spacer\" data-id=\"f0f0526\" data-element_type=\"widget\" data-e-type=\"widget\" data-widget_type=\"spacer.default\">\n\t\t\t\t\t\t\t<div class=\"elementor-spacer\">\n\t\t\t<div class=\"elementor-spacer-inner\"><\/div>\n\t\t<\/div>\n\t\t\t\t\t\t<\/div>\n\t\t\t\t<div class=\"elementor-element elementor-element-e508260 elementor-widget-divider--view-line_text elementor-widget-divider--element-align-left elementor-widget elementor-widget-divider\" data-id=\"e508260\" data-element_type=\"widget\" data-e-type=\"widget\" data-widget_type=\"divider.default\">\n\t\t\t\t\t\t\t<div class=\"elementor-divider\">\n\t\t\t<span class=\"elementor-divider-separator\">\n\t\t\t\t\t\t\t<h2 class=\"elementor-divider__text elementor-divider__element\">\n\t\t\t\tMEDIJSKI PARTNERI\t\t\t\t<\/h2>\n\t\t\t\t\t\t<\/span>\n\t\t<\/div>\n\t\t\t\t\t\t<\/div>\n\t\t\t\t<div class=\"elementor-element elementor-element-be2689c elementor-widget elementor-widget-image-carousel\" data-id=\"be2689c\" data-element_type=\"widget\" data-e-type=\"widget\" data-settings=\"{&quot;slides_to_show&quot;:&quot;5&quot;,&quot;slides_to_show_tablet&quot;:&quot;4&quot;,&quot;slides_to_show_mobile&quot;:&quot;2&quot;,&quot;navigation&quot;:&quot;none&quot;,&quot;speed&quot;:1000,&quot;autoplay_speed&quot;:3000,&quot;autoplay&quot;:&quot;yes&quot;,&quot;pause_on_hover&quot;:&quot;yes&quot;,&quot;pause_on_interaction&quot;:&quot;yes&quot;,&quot;infinite&quot;:&quot;yes&quot;}\" data-widget_type=\"image-carousel.default\">\n\t\t\t\t\t\t\t<div class=\"elementor-image-carousel-wrapper swiper\" role=\"region\" aria-roledescription=\"carousel\" aria-label=\"Image Carousel\" dir=\"ltr\">\n\t\t\t<div class=\"elementor-image-carousel swiper-wrapper\" aria-live=\"off\">\n\t\t\t\t\t\t\t\t<div class=\"swiper-slide\" role=\"group\" aria-roledescription=\"slide\" aria-label=\"1 od 6\"><figure class=\"swiper-slide-inner\"><img decoding=\"async\" class=\"swiper-slide-image\" src=\"https:\/\/dubrovnikopen.com\/wp-content\/uploads\/2026\/03\/robb-chateau.png\" alt=\"robb-chateau\" \/><\/figure><\/div><div class=\"swiper-slide\" role=\"group\" aria-roledescription=\"slide\" aria-label=\"2 od 6\"><figure class=\"swiper-slide-inner\"><img decoding=\"async\" class=\"swiper-slide-image\" src=\"https:\/\/dubrovnikopen.com\/wp-content\/uploads\/2026\/03\/jutarnji-list.png\" alt=\"jutarnji-list\" \/><\/figure><\/div><div class=\"swiper-slide\" role=\"group\" aria-roledescription=\"slide\" aria-label=\"3 od 6\"><figure class=\"swiper-slide-inner\"><img decoding=\"async\" class=\"swiper-slide-image\" src=\"https:\/\/dubrovnikopen.com\/wp-content\/uploads\/2026\/03\/slobodna-dalmacija.png\" alt=\"slobodna-dalmacija\" \/><\/figure><\/div><div class=\"swiper-slide\" role=\"group\" aria-roledescription=\"slide\" aria-label=\"4 od 6\"><figure class=\"swiper-slide-inner\"><img decoding=\"async\" class=\"swiper-slide-image\" src=\"https:\/\/dubrovnikopen.com\/wp-content\/uploads\/2026\/03\/tportal.png\" alt=\"tportal\" \/><\/figure><\/div><div class=\"swiper-slide\" role=\"group\" aria-roledescription=\"slide\" aria-label=\"5 od 6\"><figure class=\"swiper-slide-inner\"><img decoding=\"async\" class=\"swiper-slide-image\" src=\"https:\/\/dubrovnikopen.com\/wp-content\/uploads\/2026\/03\/she-hr.png\" alt=\"she-hr\" \/><\/figure><\/div><div class=\"swiper-slide\" role=\"group\" aria-roledescription=\"slide\" aria-label=\"6 od 6\"><figure class=\"swiper-slide-inner\"><img decoding=\"async\" class=\"swiper-slide-image\" src=\"https:\/\/dubrovnikopen.com\/wp-content\/uploads\/2026\/03\/europlakat.png\" alt=\"europlakat\" \/><\/figure><\/div>\t\t\t<\/div>\n\t\t\t\t\t\t\t\n\t\t\t\t\t\t\t\t\t<\/div>\n\t\t\t\t\t\t<\/div>\n\t\t<div class=\"elementor-element elementor-element-dcce9bb e-con-full e-flex e-con e-child\" data-id=\"dcce9bb\" data-element_type=\"container\" data-e-type=\"container\">\n\t\t\t\t<div class=\"elementor-element elementor-element-02549b5 elementor-widget elementor-widget-button\" data-id=\"02549b5\" data-element_type=\"widget\" data-e-type=\"widget\" data-widget_type=\"button.default\">\n\t\t\t\t\t\t\t\t\t\t<a class=\"elementor-button elementor-button-link elementor-size-sm\" href=\"https:\/\/dubrovnikopen.com\/hr\/postanite-sponzor\/\">\n\t\t\t\t\t\t<span class=\"elementor-button-content-wrapper\">\n\t\t\t\t\t\t\t\t\t<span class=\"elementor-button-text\">POSTANITE SPONZOR<\/span>\n\t\t\t\t\t<\/span>\n\t\t\t\t\t<\/a>\n\t\t\t\t\t\t\t\t<\/div>\n\t\t\t\t<\/div>\n\t\t\t\t<\/div>\n\t\t\t\t\t<\/div>\n\t\t\t\t<\/div>\n\t\t\t\t<\/div>\n\t\t","protected":false},"excerpt":{"rendered":"<p>SPONZORI PARTNERI PREMIUM SPONZORI SPONZORI MEDIJSKI PARTNERI POSTANITE SPONZOR<\/p>\n","protected":false},"author":1,"featured_media":0,"parent":0,"menu_order":0,"comment_status":"closed","ping_status":"closed","template":"","meta":{"footnotes":""},"class_list":["post-470","page","type-page","status-publish","hentry"],"yoast_head":"<!-- This site is optimized with the Yoast SEO plugin v27.1.1 - https:\/\/yoast.com\/product\/yoast-seo-wordpress\/ -->\n<title>Sponzori - WTA Dubrovnik Open<\/title>\n<meta name=\"description\" content=\"Saznajte vi\u0161e o na\u0161im cijenjenim sponzorima koji su nam pomogli i podr\u017eali nas u organizaciji WTA turnira Dubrovnik Open.\" \/>\n<meta name=\"robots\" content=\"index, follow, max-snippet:-1, max-image-preview:large, max-video-preview:-1\" \/>\n<link rel=\"canonical\" href=\"https:\/\/dubrovnikopen.com\/sponsors\/\" \/>\n<meta property=\"og:locale\" content=\"hr_HR\" \/>\n<meta property=\"og:type\" content=\"article\" \/>\n<meta property=\"og:title\" content=\"Sponzori\" \/>\n<meta property=\"og:description\" content=\"Saznajte vi\u0161e o na\u0161im cijenjenim sponzorima koji su nam pomogli i podr\u017eali nas u organizaciji WTA turnira Dubrovnik Open.\" \/>\n<meta property=\"og:url\" content=\"https:\/\/dubrovnikopen.com\/sponsors\/\" \/>\n<meta property=\"og:site_name\" content=\"WTA Dubrovnik Open\" \/>\n<meta property=\"article:modified_time\" content=\"2026-03-24T18:17:41+00:00\" \/>\n<meta property=\"og:image\" content=\"https:\/\/dubrovnikopen.com\/wp-content\/uploads\/2026\/02\/cropped-Dubrovnik-Open-Logo-Color-footer-300x300.png\" \/>\n<meta name=\"twitter:card\" content=\"summary_large_image\" \/>\n<meta name=\"twitter:title\" content=\"Sponzori\" \/>\n<meta name=\"twitter:description\" content=\"Saznajte vi\u0161e o na\u0161im cijenjenim sponzorima koji su nam pomogli i podr\u017eali nas u organizaciji WTA turnira Dubrovnik Open.\" \/>\n<meta name=\"twitter:image\" content=\"https:\/\/dubrovnikopen.com\/wp-content\/uploads\/2026\/02\/cropped-Dubrovnik-Open-Logo-Color-footer.png\" \/>\n<meta name=\"twitter:label1\" content=\"Procijenjeno vrijeme \u010ditanja\" \/>\n\t<meta name=\"twitter:data1\" content=\"8 minuta\" \/>\n<script type=\"application\/ld+json\" class=\"yoast-schema-graph\">{\"@context\":\"https:\/\/schema.org\",\"@graph\":[{\"@type\":\"WebPage\",\"@id\":\"https:\/\/dubrovnikopen.com\/sponsors\/\",\"url\":\"https:\/\/dubrovnikopen.com\/sponsors\/\",\"name\":\"Sponzori - WTA Dubrovnik Open\",\"isPartOf\":{\"@id\":\"https:\/\/dubrovnikopen.com\/#website\"},\"primaryImageOfPage\":{\"@id\":\"https:\/\/dubrovnikopen.com\/sponsors\/#primaryimage\"},\"image\":{\"@id\":\"https:\/\/dubrovnikopen.com\/sponsors\/#primaryimage\"},\"thumbnailUrl\":\"https:\/\/dubrovnikopen.com\/wp-content\/uploads\/2026\/03\/adriatic-osiguranje.png\",\"datePublished\":\"2026-02-25T17:19:07+00:00\",\"dateModified\":\"2026-03-24T18:17:41+00:00\",\"description\":\"Saznajte vi\u0161e o na\u0161im cijenjenim sponzorima koji su nam pomogli i podr\u017eali nas u organizaciji WTA turnira Dubrovnik Open.\",\"breadcrumb\":{\"@id\":\"https:\/\/dubrovnikopen.com\/sponsors\/#breadcrumb\"},\"inLanguage\":\"hr\",\"potentialAction\":[{\"@type\":\"ReadAction\",\"target\":[\"https:\/\/dubrovnikopen.com\/sponsors\/\"]}]},{\"@type\":\"ImageObject\",\"inLanguage\":\"hr\",\"@id\":\"https:\/\/dubrovnikopen.com\/sponsors\/#primaryimage\",\"url\":\"https:\/\/dubrovnikopen.com\/wp-content\/uploads\/2026\/03\/adriatic-osiguranje.png\",\"contentUrl\":\"https:\/\/dubrovnikopen.com\/wp-content\/uploads\/2026\/03\/adriatic-osiguranje.png\"},{\"@type\":\"BreadcrumbList\",\"@id\":\"https:\/\/dubrovnikopen.com\/sponsors\/#breadcrumb\",\"itemListElement\":[{\"@type\":\"ListItem\",\"position\":1,\"name\":\"Home\",\"item\":\"https:\/\/dubrovnikopen.com\/hr\/naslovnica\/\"},{\"@type\":\"ListItem\",\"position\":2,\"name\":\"Sponzori\"}]},{\"@type\":\"WebSite\",\"@id\":\"https:\/\/dubrovnikopen.com\/#website\",\"url\":\"https:\/\/dubrovnikopen.com\/\",\"name\":\"WTA Dubrovnik Open\",\"description\":\"\",\"publisher\":{\"@id\":\"https:\/\/dubrovnikopen.com\/#organization\"},\"potentialAction\":[{\"@type\":\"SearchAction\",\"target\":{\"@type\":\"EntryPoint\",\"urlTemplate\":\"https:\/\/dubrovnikopen.com\/?s={search_term_string}\"},\"query-input\":{\"@type\":\"PropertyValueSpecification\",\"valueRequired\":true,\"valueName\":\"search_term_string\"}}],\"inLanguage\":\"hr\"},{\"@type\":\"Organization\",\"@id\":\"https:\/\/dubrovnikopen.com\/#organization\",\"name\":\"WTA Dubrovnik Open\",\"url\":\"https:\/\/dubrovnikopen.com\/\",\"logo\":{\"@type\":\"ImageObject\",\"inLanguage\":\"hr\",\"@id\":\"https:\/\/dubrovnikopen.com\/#\/schema\/logo\/image\/\",\"url\":\"https:\/\/dubrovnikopen.com\/wp-content\/uploads\/2026\/02\/logo.png\",\"contentUrl\":\"https:\/\/dubrovnikopen.com\/wp-content\/uploads\/2026\/02\/logo.png\",\"width\":2000,\"height\":250,\"caption\":\"WTA Dubrovnik Open\"},\"image\":{\"@id\":\"https:\/\/dubrovnikopen.com\/#\/schema\/logo\/image\/\"}}]}<\/script>\n<!-- \/ Yoast SEO plugin. -->","yoast_head_json":{"title":"Sponzori - WTA Dubrovnik Open","description":"Saznajte vi\u0161e o na\u0161im cijenjenim sponzorima koji su nam pomogli i podr\u017eali nas u organizaciji WTA turnira Dubrovnik Open.","robots":{"index":"index","follow":"follow","max-snippet":"max-snippet:-1","max-image-preview":"max-image-preview:large","max-video-preview":"max-video-preview:-1"},"canonical":"https:\/\/dubrovnikopen.com\/sponsors\/","og_locale":"hr_HR","og_type":"article","og_title":"Sponzori","og_description":"Saznajte vi\u0161e o na\u0161im cijenjenim sponzorima koji su nam pomogli i podr\u017eali nas u organizaciji WTA turnira Dubrovnik Open.","og_url":"https:\/\/dubrovnikopen.com\/sponsors\/","og_site_name":"WTA Dubrovnik Open","article_modified_time":"2026-03-24T18:17:41+00:00","og_image":[{"url":"https:\/\/dubrovnikopen.com\/wp-content\/uploads\/2026\/02\/cropped-Dubrovnik-Open-Logo-Color-footer-300x300.png","type":"","width":"","height":""}],"twitter_card":"summary_large_image","twitter_title":"Sponzori","twitter_description":"Saznajte vi\u0161e o na\u0161im cijenjenim sponzorima koji su nam pomogli i podr\u017eali nas u organizaciji WTA turnira Dubrovnik Open.","twitter_image":"https:\/\/dubrovnikopen.com\/wp-content\/uploads\/2026\/02\/cropped-Dubrovnik-Open-Logo-Color-footer.png","twitter_misc":{"Procijenjeno vrijeme \u010ditanja":"8 minuta"},"schema":{"@context":"https:\/\/schema.org","@graph":[{"@type":"WebPage","@id":"https:\/\/dubrovnikopen.com\/sponsors\/","url":"https:\/\/dubrovnikopen.com\/sponsors\/","name":"Sponzori - WTA Dubrovnik Open","isPartOf":{"@id":"https:\/\/dubrovnikopen.com\/#website"},"primaryImageOfPage":{"@id":"https:\/\/dubrovnikopen.com\/sponsors\/#primaryimage"},"image":{"@id":"https:\/\/dubrovnikopen.com\/sponsors\/#primaryimage"},"thumbnailUrl":"https:\/\/dubrovnikopen.com\/wp-content\/uploads\/2026\/03\/adriatic-osiguranje.png","datePublished":"2026-02-25T17:19:07+00:00","dateModified":"2026-03-24T18:17:41+00:00","description":"Saznajte vi\u0161e o na\u0161im cijenjenim sponzorima koji su nam pomogli i podr\u017eali nas u organizaciji WTA turnira Dubrovnik Open.","breadcrumb":{"@id":"https:\/\/dubrovnikopen.com\/sponsors\/#breadcrumb"},"inLanguage":"hr","potentialAction":[{"@type":"ReadAction","target":["https:\/\/dubrovnikopen.com\/sponsors\/"]}]},{"@type":"ImageObject","inLanguage":"hr","@id":"https:\/\/dubrovnikopen.com\/sponsors\/#primaryimage","url":"https:\/\/dubrovnikopen.com\/wp-content\/uploads\/2026\/03\/adriatic-osiguranje.png","contentUrl":"https:\/\/dubrovnikopen.com\/wp-content\/uploads\/2026\/03\/adriatic-osiguranje.png"},{"@type":"BreadcrumbList","@id":"https:\/\/dubrovnikopen.com\/sponsors\/#breadcrumb","itemListElement":[{"@type":"ListItem","position":1,"name":"Home","item":"https:\/\/dubrovnikopen.com\/hr\/naslovnica\/"},{"@type":"ListItem","position":2,"name":"Sponzori"}]},{"@type":"WebSite","@id":"https:\/\/dubrovnikopen.com\/#website","url":"https:\/\/dubrovnikopen.com\/","name":"WTA Dubrovnik Open","description":"","publisher":{"@id":"https:\/\/dubrovnikopen.com\/#organization"},"potentialAction":[{"@type":"SearchAction","target":{"@type":"EntryPoint","urlTemplate":"https:\/\/dubrovnikopen.com\/?s={search_term_string}"},"query-input":{"@type":"PropertyValueSpecification","valueRequired":true,"valueName":"search_term_string"}}],"inLanguage":"hr"},{"@type":"Organization","@id":"https:\/\/dubrovnikopen.com\/#organization","name":"WTA Dubrovnik Open","url":"https:\/\/dubrovnikopen.com\/","logo":{"@type":"ImageObject","inLanguage":"hr","@id":"https:\/\/dubrovnikopen.com\/#\/schema\/logo\/image\/","url":"https:\/\/dubrovnikopen.com\/wp-content\/uploads\/2026\/02\/logo.png","contentUrl":"https:\/\/dubrovnikopen.com\/wp-content\/uploads\/2026\/02\/logo.png","width":2000,"height":250,"caption":"WTA Dubrovnik Open"},"image":{"@id":"https:\/\/dubrovnikopen.com\/#\/schema\/logo\/image\/"}}]}},"_links":{"self":[{"href":"https:\/\/dubrovnikopen.com\/hr\/wp-json\/wp\/v2\/pages\/470","targetHints":{"allow":["GET"]}}],"collection":[{"href":"https:\/\/dubrovnikopen.com\/hr\/wp-json\/wp\/v2\/pages"}],"about":[{"href":"https:\/\/dubrovnikopen.com\/hr\/wp-json\/wp\/v2\/types\/page"}],"author":[{"embeddable":true,"href":"https:\/\/dubrovnikopen.com\/hr\/wp-json\/wp\/v2\/users\/1"}],"replies":[{"embeddable":true,"href":"https:\/\/dubrovnikopen.com\/hr\/wp-json\/wp\/v2\/comments?post=470"}],"version-history":[{"count":7,"href":"https:\/\/dubrovnikopen.com\/hr\/wp-json\/wp\/v2\/pages\/470\/revisions"}],"predecessor-version":[{"id":1069,"href":"https:\/\/dubrovnikopen.com\/hr\/wp-json\/wp\/v2\/pages\/470\/revisions\/1069"}],"wp:attachment":[{"href":"https:\/\/dubrovnikopen.com\/hr\/wp-json\/wp\/v2\/media?parent=470"}],"curies":[{"name":"wp","href":"https:\/\/api.w.org\/{rel}","templated":true}]}}